{"id":415,"date":"2025-12-19T20:30:38","date_gmt":"2025-12-19T20:30:38","guid":{"rendered":"https:\/\/mokafad.ca\/?page_id=415"},"modified":"2026-01-15T04:01:44","modified_gmt":"2026-01-15T04:01:44","slug":"notre-organisation","status":"publish","type":"page","link":"https:\/\/mokafad.ca\/index.php\/notre-organisation\/","title":{"rendered":"Notre organisation"},"content":{"rendered":"\t\t<div data-elementor-type=\"wp-page\" data-elementor-id=\"415\" class=\"elementor elementor-415\">\n\t\t\t\t<div class=\"elementor-element elementor-element-52a9f62 e-con-full e-flex e-con e-parent\" data-id=\"52a9f62\" data-element_type=\"container\" data-e-type=\"container\" data-settings=\"{&quot;background_background&quot;:&quot;classic&quot;}\">\n\t\t<div class=\"elementor-element elementor-element-49dbb6a e-con-full e-flex e-con e-child\" data-id=\"49dbb6a\" data-element_type=\"container\" data-e-type=\"container\">\n\t\t\t\t<div class=\"elementor-element elementor-element-713f8ec elementor-widget elementor-widget-text-editor\" data-id=\"713f8ec\" data-element_type=\"widget\" data-e-type=\"widget\" data-widget_type=\"text-editor.default\">\n\t\t\t\t\t\t\t\t\t<p>\u00a0Une \u00e9quipe engag\u00e9e au service des nouvelles technologies<\/p>\t\t\t\t\t\t\t\t<\/div>\n\t\t\t\t<\/div>\n\t\t\t\t<\/div>\n\t\t<div class=\"elementor-element elementor-element-0ef0a48 e-con-full e-flex e-con e-parent\" data-id=\"0ef0a48\" data-element_type=\"container\" data-e-type=\"container\">\n\t\t<div class=\"elementor-element elementor-element-ab0ac4b e-con-full e-flex e-con e-child\" data-id=\"ab0ac4b\" data-element_type=\"container\" data-e-type=\"container\">\n\t\t<div class=\"elementor-element elementor-element-8eb9605 e-con-full e-flex e-con e-child\" data-id=\"8eb9605\" data-element_type=\"container\" data-e-type=\"container\">\n\t\t\t\t<div class=\"elementor-element elementor-element-fc8cb5b elementor-widget elementor-widget-heading\" data-id=\"fc8cb5b\" data-element_type=\"widget\" data-e-type=\"widget\" data-widget_type=\"heading.default\">\n\t\t\t\t\t<h2 class=\"elementor-heading-title elementor-size-default\">Notre Mission<\/h2>\t\t\t\t<\/div>\n\t\t\t\t<\/div>\n\t\t<div class=\"elementor-element elementor-element-3e11f8c e-con-full e-flex e-con e-child\" data-id=\"3e11f8c\" data-element_type=\"container\" data-e-type=\"container\">\n\t\t\t\t<div class=\"elementor-element elementor-element-ff7f4f0 elementor-widget elementor-widget-text-editor\" data-id=\"ff7f4f0\" data-element_type=\"widget\" data-e-type=\"widget\" data-widget_type=\"text-editor.default\">\n\t\t\t\t\t\t\t\t\t<p data-start=\"2512\" data-end=\"2790\">Nous concevons et int\u00e9grons des solutions technologiques responsables, pragmatiques et adapt\u00e9es aux r\u00e9alit\u00e9s locales, en mettant l\u2019IA et la BI au service de l\u2019efficacit\u00e9 op\u00e9rationnelle, de l\u2019innovation durable et de l\u2019impact social, au Canada comme en Afrique.<\/p>\t\t\t\t\t\t\t\t<\/div>\n\t\t\t\t<\/div>\n\t\t\t\t<\/div>\n\t\t<div class=\"elementor-element elementor-element-b2e3bc1 e-con-full e-flex e-con e-child\" data-id=\"b2e3bc1\" data-element_type=\"container\" data-e-type=\"container\">\n\t\t\t\t<div class=\"elementor-element elementor-element-f39d96d elementor-widget elementor-widget-image\" data-id=\"f39d96d\" data-element_type=\"widget\" data-e-type=\"widget\" data-widget_type=\"image.default\">\n\t\t\t\t\t\t\t\t\t\t\t\t\t\t\t<img fetchpriority=\"high\" decoding=\"async\" width=\"1536\" height=\"1024\" src=\"https:\/\/mokafad.ca\/wp-content\/uploads\/2026\/01\/task_01kex6exv4e74924va16swj4ms_1768358936_img_0.webp\" class=\"attachment-full size-full wp-image-2243\" alt=\"\" srcset=\"https:\/\/mokafad.ca\/wp-content\/uploads\/2026\/01\/task_01kex6exv4e74924va16swj4ms_1768358936_img_0.webp 1536w, https:\/\/mokafad.ca\/wp-content\/uploads\/2026\/01\/task_01kex6exv4e74924va16swj4ms_1768358936_img_0-300x200.webp 300w, https:\/\/mokafad.ca\/wp-content\/uploads\/2026\/01\/task_01kex6exv4e74924va16swj4ms_1768358936_img_0-1024x683.webp 1024w, https:\/\/mokafad.ca\/wp-content\/uploads\/2026\/01\/task_01kex6exv4e74924va16swj4ms_1768358936_img_0-768x512.webp 768w\" sizes=\"(max-width: 1536px) 100vw, 1536px\" \/>\t\t\t\t\t\t\t\t\t\t\t\t\t\t\t<\/div>\n\t\t\t\t<\/div>\n\t\t\t\t<\/div>\n\t\t<div class=\"elementor-element elementor-element-66b2e1f e-con-full e-flex e-con e-parent\" data-id=\"66b2e1f\" data-element_type=\"container\" data-e-type=\"container\">\n\t\t<div class=\"elementor-element elementor-element-9fbd861 e-con-full e-flex e-con e-child\" data-id=\"9fbd861\" data-element_type=\"container\" data-e-type=\"container\">\n\t\t<div class=\"elementor-element elementor-element-9485c29 e-con-full e-flex e-con e-child\" data-id=\"9485c29\" data-element_type=\"container\" data-e-type=\"container\">\n\t\t<div class=\"elementor-element elementor-element-c8acf72 e-con-full e-flex e-con e-child\" data-id=\"c8acf72\" data-element_type=\"container\" data-e-type=\"container\">\n\t\t\t\t<div class=\"elementor-element elementor-element-30e3460 elementor-widget elementor-widget-image\" data-id=\"30e3460\" data-element_type=\"widget\" data-e-type=\"widget\" data-widget_type=\"image.default\">\n\t\t\t\t\t\t\t\t\t\t\t\t\t\t\t<img decoding=\"async\" width=\"768\" height=\"768\" src=\"https:\/\/mokafad.ca\/wp-content\/uploads\/2026\/01\/c87d2089-4e2f-43fc-bda3-fc405eba8227-768x768.png\" class=\"attachment-medium_large size-medium_large wp-image-2027\" alt=\"\" srcset=\"https:\/\/mokafad.ca\/wp-content\/uploads\/2026\/01\/c87d2089-4e2f-43fc-bda3-fc405eba8227-768x768.png 768w, https:\/\/mokafad.ca\/wp-content\/uploads\/2026\/01\/c87d2089-4e2f-43fc-bda3-fc405eba8227-300x300.png 300w, https:\/\/mokafad.ca\/wp-content\/uploads\/2026\/01\/c87d2089-4e2f-43fc-bda3-fc405eba8227-150x150.png 150w, https:\/\/mokafad.ca\/wp-content\/uploads\/2026\/01\/c87d2089-4e2f-43fc-bda3-fc405eba8227-600x600.png 600w, https:\/\/mokafad.ca\/wp-content\/uploads\/2026\/01\/c87d2089-4e2f-43fc-bda3-fc405eba8227.png 1024w\" sizes=\"(max-width: 768px) 100vw, 768px\" \/>\t\t\t\t\t\t\t\t\t\t\t\t\t\t\t<\/div>\n\t\t\t\t<\/div>\n\t\t<div class=\"elementor-element elementor-element-32d522d e-con-full e-flex e-con e-child\" data-id=\"32d522d\" data-element_type=\"container\" data-e-type=\"container\">\n\t\t<div class=\"elementor-element elementor-element-cb51825 e-con-full e-flex e-con e-child\" data-id=\"cb51825\" data-element_type=\"container\" data-e-type=\"container\">\n\t\t\t\t<div class=\"elementor-element elementor-element-3595499 elementor-widget elementor-widget-heading\" data-id=\"3595499\" data-element_type=\"widget\" data-e-type=\"widget\" data-widget_type=\"heading.default\">\n\t\t\t\t\t<h2 class=\"elementor-heading-title elementor-size-default\">Notre vision<\/h2>\t\t\t\t<\/div>\n\t\t\t\t<\/div>\n\t\t<div class=\"elementor-element elementor-element-f9bb540 e-con-full e-flex e-con e-child\" data-id=\"f9bb540\" data-element_type=\"container\" data-e-type=\"container\">\n\t\t\t\t<div class=\"elementor-element elementor-element-05fd8b9 elementor-widget elementor-widget-text-editor\" data-id=\"05fd8b9\" data-element_type=\"widget\" data-e-type=\"widget\" data-widget_type=\"text-editor.default\">\n\t\t\t\t\t\t\t\t\t<p data-start=\"896\" data-end=\"1080\">Devenir un <strong data-start=\"907\" data-end=\"1002\">acteur de r\u00e9f\u00e9rence en transformation num\u00e9rique et en intelligence artificielle responsable<\/strong>, en b\u00e2tissant un <strong data-start=\"1020\" data-end=\"1079\">pont technologique durable entre le Canada et l\u2019Afrique<\/strong>.<\/p><p data-start=\"1268\" data-end=\"1536\">\u00a0<\/p>\t\t\t\t\t\t\t\t<\/div>\n\t\t\t\t<\/div>\n\t\t\t\t<\/div>\n\t\t\t\t<\/div>\n\t\t\t\t<\/div>\n\t\t\t\t<\/div>\n\t\t<div class=\"elementor-element elementor-element-957becc e-flex e-con-boxed e-con e-parent\" data-id=\"957becc\" data-element_type=\"container\" data-e-type=\"container\" data-settings=\"{&quot;background_background&quot;:&quot;classic&quot;}\">\n\t\t\t\t\t<div class=\"e-con-inner\">\n\t\t<div class=\"elementor-element elementor-element-2af05bc e-con-full e-flex e-con e-child\" data-id=\"2af05bc\" data-element_type=\"container\" data-e-type=\"container\">\n\t\t\t\t<div class=\"elementor-element elementor-element-b5286af elementor-widget elementor-widget-heading\" data-id=\"b5286af\" data-element_type=\"widget\" data-e-type=\"widget\" data-widget_type=\"heading.default\">\n\t\t\t\t\t<h2 class=\"elementor-heading-title elementor-size-default\">Pr\u00eat \u00e0 automatiser vos processus ?<\/h2>\t\t\t\t<\/div>\n\t\t\t\t<div class=\"elementor-element elementor-element-fd7a459 elementor-widget elementor-widget-text-editor\" data-id=\"fd7a459\" data-element_type=\"widget\" data-e-type=\"widget\" data-widget_type=\"text-editor.default\">\n\t\t\t\t\t\t\t\t\t<p>Discutons de vos enjeux et identifions rapidement les opportunit\u00e9s d\u2019automatisation \u00e0 fort impact.<\/p>\t\t\t\t\t\t\t\t<\/div>\n\t\t\t\t<div class=\"elementor-element elementor-element-021b966 elementor-align-center elementor-widget__width-inherit elementor-widget elementor-widget-button\" data-id=\"021b966\" data-element_type=\"widget\" data-e-type=\"widget\" data-widget_type=\"button.default\">\n\t\t\t\t\t\t\t\t\t\t<a class=\"elementor-button elementor-button-link elementor-size-sm\" href=\"https:\/\/mokafad.ca\/index.php\/nous-contacter\/\">\n\t\t\t\t\t\t<span class=\"elementor-button-content-wrapper\">\n\t\t\t\t\t\t\t\t\t<span class=\"elementor-button-text\">Demander une consultation gratuite<\/span>\n\t\t\t\t\t<\/span>\n\t\t\t\t\t<\/a>\n\t\t\t\t\t\t\t\t<\/div>\n\t\t\t\t<\/div>\n\t\t\t\t\t<\/div>\n\t\t\t\t<\/div>\n\t\t<div class=\"elementor-element elementor-element-777e2075 e-flex e-con-boxed e-con e-parent\" data-id=\"777e2075\" data-element_type=\"container\" data-e-type=\"container\" data-settings=\"{&quot;background_background&quot;:&quot;classic&quot;}\">\n\t\t\t\t\t<div class=\"e-con-inner\">\n\t\t<div class=\"elementor-element elementor-element-76c4f0af e-con-full e-flex e-con e-child\" data-id=\"76c4f0af\" data-element_type=\"container\" data-e-type=\"container\">\n\t\t<div class=\"elementor-element elementor-element-77454d1a e-con-full e-flex e-con e-child\" data-id=\"77454d1a\" data-element_type=\"container\" data-e-type=\"container\">\n\t\t<div class=\"elementor-element elementor-element-62adb57e e-con-full e-flex e-con e-child\" data-id=\"62adb57e\" data-element_type=\"container\" data-e-type=\"container\">\n\t\t\t\t<div class=\"elementor-element elementor-element-4a617e51 elementor-widget elementor-widget-heading\" data-id=\"4a617e51\" data-element_type=\"widget\" data-e-type=\"widget\" data-widget_type=\"heading.default\">\n\t\t\t\t\t<h2 class=\"elementor-heading-title elementor-size-default\">Mokafad<\/h2>\t\t\t\t<\/div>\n\t\t\t\t<div class=\"elementor-element elementor-element-2b9009b2 elementor-widget elementor-widget-text-editor\" data-id=\"2b9009b2\" data-element_type=\"widget\" data-e-type=\"widget\" data-widget_type=\"text-editor.default\">\n\t\t\t\t\t\t\t\t\t<p>Votre partenaire technologique pour une transformation num\u00e9rique reussie<\/p>\t\t\t\t\t\t\t\t<\/div>\n\t\t<div class=\"elementor-element elementor-element-130cd868 e-con-full e-flex e-con e-child\" data-id=\"130cd868\" data-element_type=\"container\" data-e-type=\"container\">\n\t\t<div class=\"elementor-element elementor-element-b7fc6b8 e-con-full e-flex e-con e-child\" data-id=\"b7fc6b8\" data-element_type=\"container\" data-e-type=\"container\" data-settings=\"{&quot;background_background&quot;:&quot;classic&quot;}\">\n\t\t\t\t<div class=\"elementor-element elementor-element-1329d186 elementor-view-default elementor-widget elementor-widget-icon\" data-id=\"1329d186\" data-element_type=\"widget\" data-e-type=\"widget\" data-widget_type=\"icon.default\">\n\t\t\t\t\t\t\t<div class=\"elementor-icon-wrapper\">\n\t\t\t<a class=\"elementor-icon\" href=\"https:\/\/www.linkedin.com\/company\/mokafad\/?viewAsMember=true\" target=\"_blank\" rel=\"noopener\">\n\t\t\t<svg aria-hidden=\"true\" class=\"e-font-icon-svg e-fab-linkedin\" viewBox=\"0 0 448 512\" xmlns=\"http:\/\/www.w3.org\/2000\/svg\"><path d=\"M416 32H31.9C14.3 32 0 46.5 0 64.3v383.4C0 465.5 14.3 480 31.9 480H416c17.6 0 32-14.5 32-32.3V64.3c0-17.8-14.4-32.3-32-32.3zM135.4 416H69V202.2h66.5V416zm-33.2-243c-21.3 0-38.5-17.3-38.5-38.5S80.9 96 102.2 96c21.2 0 38.5 17.3 38.5 38.5 0 21.3-17.2 38.5-38.5 38.5zm282.1 243h-66.4V312c0-24.8-.5-56.7-34.5-56.7-34.6 0-39.9 27-39.9 54.9V416h-66.4V202.2h63.7v29.2h.9c8.9-16.8 30.6-34.5 62.9-34.5 67.2 0 79.7 44.3 79.7 101.9V416z\"><\/path><\/svg>\t\t\t<\/a>\n\t\t<\/div>\n\t\t\t\t\t\t<\/div>\n\t\t\t\t<\/div>\n\t\t<div class=\"elementor-element elementor-element-2b910330 e-con-full e-flex e-con e-child\" data-id=\"2b910330\" data-element_type=\"container\" data-e-type=\"container\" data-settings=\"{&quot;background_background&quot;:&quot;classic&quot;}\">\n\t\t\t\t<div class=\"elementor-element elementor-element-50d9f904 elementor-view-default elementor-widget elementor-widget-icon\" data-id=\"50d9f904\" data-element_type=\"widget\" data-e-type=\"widget\" data-widget_type=\"icon.default\">\n\t\t\t\t\t\t\t<div class=\"elementor-icon-wrapper\">\n\t\t\t<a class=\"elementor-icon\" href=\"https:\/\/www.facebook.com\/profile.php?id=61585873146529\" target=\"_blank\" rel=\"noopener\">\n\t\t\t<svg aria-hidden=\"true\" class=\"e-font-icon-svg e-fab-facebook\" viewBox=\"0 0 512 512\" xmlns=\"http:\/\/www.w3.org\/2000\/svg\"><path d=\"M504 256C504 119 393 8 256 8S8 119 8 256c0 123.78 90.69 226.38 209.25 245V327.69h-63V256h63v-54.64c0-62.15 37-96.48 93.67-96.48 27.14 0 55.52 4.84 55.52 4.84v61h-31.28c-30.8 0-40.41 19.12-40.41 38.73V256h68.78l-11 71.69h-57.78V501C413.31 482.38 504 379.78 504 256z\"><\/path><\/svg>\t\t\t<\/a>\n\t\t<\/div>\n\t\t\t\t\t\t<\/div>\n\t\t\t\t<\/div>\n\t\t\t\t<\/div>\n\t\t\t\t<\/div>\n\t\t<div class=\"elementor-element elementor-element-5ca0cb2d e-con-full e-flex e-con e-child\" data-id=\"5ca0cb2d\" data-element_type=\"container\" data-e-type=\"container\">\n\t\t\t\t<div class=\"elementor-element elementor-element-7dba1995 elementor-widget elementor-widget-heading\" data-id=\"7dba1995\" data-element_type=\"widget\" data-e-type=\"widget\" data-widget_type=\"heading.default\">\n\t\t\t\t\t<h2 class=\"elementor-heading-title elementor-size-default\">Services<\/h2>\t\t\t\t<\/div>\n\t\t<div class=\"elementor-element elementor-element-4cc02ae0 e-con-full e-flex e-con e-child\" data-id=\"4cc02ae0\" data-element_type=\"container\" data-e-type=\"container\">\n\t\t<div class=\"elementor-element elementor-element-23d967e5 e-con-full e-flex e-con e-child\" data-id=\"23d967e5\" data-element_type=\"container\" data-e-type=\"container\">\n\t\t\t\t<div class=\"elementor-element elementor-element-2d5655e4 elementor-widget elementor-widget-text-editor\" data-id=\"2d5655e4\" data-element_type=\"widget\" data-e-type=\"widget\" data-widget_type=\"text-editor.default\">\n\t\t\t\t\t\t\t\t\t<p>Automatisation<br \/>Intelligence artificielle<br \/>D\u00e9veloppement logiciel<br \/>Business Intelligence<br \/>Accompagnement et support<\/p>\t\t\t\t\t\t\t\t<\/div>\n\t\t\t\t<\/div>\n\t\t\t\t<\/div>\n\t\t\t\t<\/div>\n\t\t<div class=\"elementor-element elementor-element-7a002d27 e-con-full e-flex e-con e-child\" data-id=\"7a002d27\" data-element_type=\"container\" data-e-type=\"container\">\n\t\t\t\t<div class=\"elementor-element elementor-element-608d2d00 elementor-widget elementor-widget-heading\" data-id=\"608d2d00\" data-element_type=\"widget\" data-e-type=\"widget\" data-widget_type=\"heading.default\">\n\t\t\t\t\t<h2 class=\"elementor-heading-title elementor-size-default\">Formations<\/h2>\t\t\t\t<\/div>\n\t\t<div class=\"elementor-element elementor-element-44fa482f e-con-full e-flex e-con e-child\" data-id=\"44fa482f\" data-element_type=\"container\" data-e-type=\"container\">\n\t\t<div class=\"elementor-element elementor-element-a26a12f e-con-full e-flex e-con e-child\" data-id=\"a26a12f\" data-element_type=\"container\" data-e-type=\"container\">\n\t\t\t\t<div class=\"elementor-element elementor-element-50bd30a7 elementor-widget elementor-widget-text-editor\" data-id=\"50bd30a7\" data-element_type=\"widget\" data-e-type=\"widget\" data-widget_type=\"text-editor.default\">\n\t\t\t\t\t\t\t\t\t<p class=\"elementor-heading-title elementor-size-default\">D\u00e9mystifier l&rsquo;utilisation de l\u2019IA en entreprise\u00a0<\/p><p class=\"elementor-heading-title elementor-size-default\">Int\u00e9gration de l\u2019IA en entreprise<\/p><p class=\"elementor-heading-title elementor-size-default\">Gestion et impl\u00e9mentation des solutions IA<\/p>\t\t\t\t\t\t\t\t<\/div>\n\t\t\t\t<\/div>\n\t\t\t\t<\/div>\n\t\t\t\t<\/div>\n\t\t<div class=\"elementor-element elementor-element-16396c7b e-con-full e-flex e-con e-child\" data-id=\"16396c7b\" data-element_type=\"container\" data-e-type=\"container\">\n\t\t<div class=\"elementor-element elementor-element-3767dc6c e-con-full e-flex e-con e-child\" data-id=\"3767dc6c\" data-element_type=\"container\" data-e-type=\"container\">\n\t\t\t\t<div class=\"elementor-element elementor-element-2f7c09db elementor-widget elementor-widget-heading\" data-id=\"2f7c09db\" data-element_type=\"widget\" data-e-type=\"widget\" data-widget_type=\"heading.default\">\n\t\t\t\t\t<h2 class=\"elementor-heading-title elementor-size-default\">Contact<\/h2>\t\t\t\t<\/div>\n\t\t\t\t<\/div>\n\t\t<div class=\"elementor-element elementor-element-2cbf3aa7 e-con-full e-flex e-con e-child\" data-id=\"2cbf3aa7\" data-element_type=\"container\" data-e-type=\"container\">\n\t\t\t\t<div class=\"elementor-element elementor-element-2b2015d4 elementor-widget elementor-widget-text-editor\" data-id=\"2b2015d4\" data-element_type=\"widget\" data-e-type=\"widget\" data-widget_type=\"text-editor.default\">\n\t\t\t\t\t\t\t\t\t<p>+1 (514) 123-4567<\/p>\t\t\t\t\t\t\t\t<\/div>\n\t\t\t\t<\/div>\n\t\t<div class=\"elementor-element elementor-element-4a9f3aeb e-con-full e-flex e-con e-child\" data-id=\"4a9f3aeb\" data-element_type=\"container\" data-e-type=\"container\">\n\t\t\t\t<div class=\"elementor-element elementor-element-15e13851 elementor-widget elementor-widget-text-editor\" data-id=\"15e13851\" data-element_type=\"widget\" data-e-type=\"widget\" data-widget_type=\"text-editor.default\">\n\t\t\t\t\t\t\t\t\t<p>contact@mokafad.ca<\/p>\t\t\t\t\t\t\t\t<\/div>\n\t\t\t\t<\/div>\n\t\t<div class=\"elementor-element elementor-element-49bb1e1b e-con-full e-flex e-con e-child\" data-id=\"49bb1e1b\" data-element_type=\"container\" data-e-type=\"container\">\n\t\t\t\t<div class=\"elementor-element elementor-element-1e4f01d3 elementor-widget elementor-widget-text-editor\" data-id=\"1e4f01d3\" data-element_type=\"widget\" data-e-type=\"widget\" data-widget_type=\"text-editor.default\">\n\t\t\t\t\t\t\t\t\t<p>Ch\u00e2teauguay, QC, Canada<\/p>\t\t\t\t\t\t\t\t<\/div>\n\t\t\t\t<\/div>\n\t\t\t\t<\/div>\n\t\t<div class=\"elementor-element elementor-element-42d18049 e-con-full e-flex e-con e-child\" data-id=\"42d18049\" data-element_type=\"container\" data-e-type=\"container\">\n\t\t<div class=\"elementor-element elementor-element-6dcbebb4 e-con-full e-flex e-con e-child\" data-id=\"6dcbebb4\" data-element_type=\"container\" data-e-type=\"container\">\n\t\t\t\t<div class=\"elementor-element elementor-element-25e82cd5 elementor-widget__width-inherit elementor-widget elementor-widget-text-editor\" data-id=\"25e82cd5\" data-element_type=\"widget\" data-e-type=\"widget\" data-widget_type=\"text-editor.default\">\n\t\t\t\t\t\t\t\t\t<p>\u00a9 2024 Mokafad. Tous droits r\u00e9serv\u00e9s.<\/p>\t\t\t\t\t\t\t\t<\/div>\n\t\t\t\t<\/div>\n\t\t<div class=\"elementor-element elementor-element-395be186 e-con-full e-flex e-con e-child\" data-id=\"395be186\" data-element_type=\"container\" data-e-type=\"container\">\n\t\t\t\t<div class=\"elementor-element elementor-element-65fd894c elementor-widget__width-initial elementor-widget elementor-widget-text-editor\" data-id=\"65fd894c\" data-element_type=\"widget\" data-e-type=\"widget\" data-widget_type=\"text-editor.default\">\n\t\t\t\t\t\t\t\t\t<p>Politique de confidentialit\u00e9<\/p>\t\t\t\t\t\t\t\t<\/div>\n\t\t\t\t<div class=\"elementor-element elementor-element-17dd3d5a elementor-widget__width-initial elementor-widget elementor-widget-text-editor\" data-id=\"17dd3d5a\" data-element_type=\"widget\" data-e-type=\"widget\" data-widget_type=\"text-editor.default\">\n\t\t\t\t\t\t\t\t\t<p>Conditions d&rsquo;utilisation<\/p>\t\t\t\t\t\t\t\t<\/div>\n\t\t\t\t<\/div>\n\t\t\t\t<\/div>\n\t\t\t\t<\/div>\n\t\t\t\t<\/div>\n\t\t\t\t\t<\/div>\n\t\t\t\t<\/div>\n\t\t\t\t<\/div>\n\t\t","protected":false},"excerpt":{"rendered":"<p>\u00a0Une \u00e9quipe engag\u00e9e au service des nouvelles technologies Notre Mission Nous concevons et int\u00e9grons des solutions technologiques responsables, pragmatiques et adapt\u00e9es aux r\u00e9alit\u00e9s locales, en mettant l\u2019IA et la BI au service de l\u2019efficacit\u00e9 op\u00e9rationnelle, de l\u2019innovation durable et de l\u2019impact social, au Canada comme en Afrique. Notre vision Devenir un acteur de r\u00e9f\u00e9rence en [&hellip;]<\/p>\n","protected":false},"author":1,"featured_media":0,"parent":0,"menu_order":0,"comment_status":"closed","ping_status":"closed","template":"elementor_header_footer","meta":{"footnotes":""},"class_list":["post-415","page","type-page","status-publish","hentry","entry"],"_links":{"self":[{"href":"https:\/\/mokafad.ca\/index.php\/wp-json\/wp\/v2\/pages\/415","targetHints":{"allow":["GET"]}}],"collection":[{"href":"https:\/\/mokafad.ca\/index.php\/wp-json\/wp\/v2\/pages"}],"about":[{"href":"https:\/\/mokafad.ca\/index.php\/wp-json\/wp\/v2\/types\/page"}],"author":[{"embeddable":true,"href":"https:\/\/mokafad.ca\/index.php\/wp-json\/wp\/v2\/users\/1"}],"replies":[{"embeddable":true,"href":"https:\/\/mokafad.ca\/index.php\/wp-json\/wp\/v2\/comments?post=415"}],"version-history":[{"count":109,"href":"https:\/\/mokafad.ca\/index.php\/wp-json\/wp\/v2\/pages\/415\/revisions"}],"predecessor-version":[{"id":2476,"href":"https:\/\/mokafad.ca\/index.php\/wp-json\/wp\/v2\/pages\/415\/revisions\/2476"}],"wp:attachment":[{"href":"https:\/\/mokafad.ca\/index.php\/wp-json\/wp\/v2\/media?parent=415"}],"curies":[{"name":"wp","href":"https:\/\/api.w.org\/{rel}","templated":true}]}}