{"id":601,"date":"2025-12-23T03:31:25","date_gmt":"2025-12-23T03:31:25","guid":{"rendered":"https:\/\/mokafad.ca\/?page_id=601"},"modified":"2026-01-06T20:21:27","modified_gmt":"2026-01-06T20:21:27","slug":"inscription-a-la-formation-2","status":"publish","type":"page","link":"https:\/\/mokafad.ca\/index.php\/inscription-a-la-formation-2\/","title":{"rendered":"Inscription \u00e0 la formation : D\u00e9mystifier l\u2019IA"},"content":{"rendered":"\t\t<div data-elementor-type=\"wp-page\" data-elementor-id=\"601\" class=\"elementor elementor-601\">\n\t\t\t\t<div class=\"elementor-element elementor-element-0307a29 e-flex e-con-boxed e-con e-parent\" data-id=\"0307a29\" data-element_type=\"container\" data-e-type=\"container\" data-settings=\"{&quot;background_background&quot;:&quot;classic&quot;}\">\n\t\t\t\t\t<div class=\"e-con-inner\">\n\t\t<div class=\"elementor-element elementor-element-5e751d7 e-con-full e-flex e-con e-child\" data-id=\"5e751d7\" data-element_type=\"container\" data-e-type=\"container\">\n\t\t<div class=\"elementor-element elementor-element-edc7b76 e-con-full e-flex e-con e-child\" data-id=\"edc7b76\" data-element_type=\"container\" data-e-type=\"container\" data-settings=\"{&quot;background_background&quot;:&quot;classic&quot;}\">\n\t\t\t\t<div class=\"elementor-element elementor-element-ef20b6b elementor-widget__width-inherit elementor-widget elementor-widget-heading\" data-id=\"ef20b6b\" data-element_type=\"widget\" data-e-type=\"widget\" data-widget_type=\"heading.default\">\n\t\t\t\t\t<h2 class=\"elementor-heading-title elementor-size-default\">Inscription : D\u00e9mystifier l\u2019utilisation de l' IA\n\n<\/h2>\t\t\t\t<\/div>\n\t\t\t\t<\/div>\n\t\t<div class=\"elementor-element elementor-element-003da5f e-con-full e-flex e-con e-child\" data-id=\"003da5f\" data-element_type=\"container\" data-e-type=\"container\">\n\t\t<div class=\"elementor-element elementor-element-af83c32 e-con-full e-flex e-con e-child\" data-id=\"af83c32\" data-element_type=\"container\" data-e-type=\"container\">\n\t\t\t\t<div class=\"elementor-element elementor-element-77f13c1 elementor-widget elementor-widget-text-editor\" data-id=\"77f13c1\" data-element_type=\"widget\" data-e-type=\"widget\" data-widget_type=\"text-editor.default\">\n\t\t\t\t\t\t\t\t\t<p>Merci de votre int\u00e9r\u00eat pour nos formations professionnelles.<br \/>Les champs marqu\u00e9s d\u2019un ast\u00e9risque (*) sont obligatoires. Notre \u00e9quipe vous r\u00e9pond sous 24h.<\/p>\t\t\t\t\t\t\t\t<\/div>\n\t\t\t\t<\/div>\n\t\t\t\t<\/div>\n\t\t\t\t<\/div>\n\t\t\t\t\t<\/div>\n\t\t\t\t<\/div>\n\t\t<div class=\"elementor-element elementor-element-4c3a2d1 e-flex e-con-boxed e-con e-parent\" data-id=\"4c3a2d1\" data-element_type=\"container\" data-e-type=\"container\">\n\t\t\t\t\t<div class=\"e-con-inner\">\n\t\t\t\t<div class=\"elementor-element elementor-element-87a86aa fluentform-widget-submit-button-custom elementor-widget elementor-widget-fluent-form-widget\" data-id=\"87a86aa\" data-element_type=\"widget\" data-e-type=\"widget\" data-widget_type=\"fluent-form-widget.default\">\n\t\t\t\t<div class=\"elementor-widget-container\">\n\t\t\t\t\t\n            <div class=\"fluentform-widget-wrapper fluentform-widget-align-default\">\n\n            \n            <div class='fluentform ff-default fluentform_wrapper_5 ffs_default_wrap'><form data-form_id=\"5\" id=\"fluentform_5\" class=\"frm-fluent-form fluent_form_5 ff-el-form-top ff_form_instance_5_1 ff-form-loading ffs_default\" data-form_instance=\"ff_form_instance_5_1\" method=\"POST\" ><fieldset  style=\"border: none!important;margin: 0!important;padding: 0!important;background-color: transparent!important;box-shadow: none!important;outline: none!important; min-inline-size: 100%;\">\n                    <legend class=\"ff_screen_reader_title\" style=\"display: block; margin: 0!important;padding: 0!important;height: 0!important;text-indent: -999999px;width: 0!important;overflow:hidden;\">Inscription - D\u00e9mystifier l'IA<\/legend><p style=\"display: none !important;\" class=\"akismet-fields-container\" data-prefix=\"ak_\"><label>&#916;<textarea name=\"ak_hp_textarea\" cols=\"45\" rows=\"8\" maxlength=\"100\"><\/textarea><\/label><input type=\"hidden\" id=\"ak_js_1\" name=\"ak_js\" value=\"28\"\/><script>document.getElementById( \"ak_js_1\" ).setAttribute( \"value\", ( new Date() ).getTime() );<\/script><\/p><input type='hidden' name='__fluent_form_embded_post_id' value='601' \/><input type=\"hidden\" id=\"_fluentform_5_fluentformnonce\" name=\"_fluentform_5_fluentformnonce\" value=\"3ee6c82351\" \/><input type=\"hidden\" name=\"_wp_http_referer\" value=\"\/index.php\/wp-json\/wp\/v2\/pages\/601\" \/><div data-type=\"name-element\" data-name=\"names_1\" class=\" ff-field_container ff-name-field-wrapper\" ><div class='ff-t-container'><div class='ff-t-cell '><div class='ff-el-group ff-el-form-top'><div class=\"ff-el-input--label ff-el-is-required asterisk-right\"><label for='ff_5_names_1_first_name_' id='label_ff_5_names_1_first_name_' >Pr\u00e9nom<\/label><\/div><div class='ff-el-input--content'><input type=\"text\" name=\"names_1[first_name]\" id=\"ff_5_names_1_first_name_\" class=\"ff-el-form-control\" placeholder=\"Entrer votre Pr\u00e9nom\" aria-invalid=\"false\" aria-required=true><\/div><\/div><\/div><div class='ff-t-cell '><div class='ff-el-group ff-el-form-top'><div class=\"ff-el-input--label ff-el-is-required asterisk-right\"><label for='ff_5_names_1_last_name_' id='label_ff_5_names_1_last_name_' >Nom<\/label><\/div><div class='ff-el-input--content'><input type=\"text\" name=\"names_1[last_name]\" id=\"ff_5_names_1_last_name_\" class=\"ff-el-form-control\" placeholder=\"Entrer votre Nom\" aria-invalid=\"false\" aria-required=true><\/div><\/div><\/div><\/div><\/div><div class='ff-el-group'><div class=\"ff-el-input--label ff-el-is-required asterisk-right\"><label for='ff_5_email' id='label_ff_5_email' aria-label=\"Email\">Email<\/label><\/div><div class='ff-el-input--content'><input type=\"email\" name=\"email\" id=\"ff_5_email\" class=\"ff-el-form-control\" placeholder=\"Email Address\" data-name=\"email\"  aria-invalid=\"false\" aria-required=true><\/div><\/div><input type=\"hidden\" name=\"formation_slug\" value=\"{query:formation_slug}\" data-name=\"formation_slug\" ><div class='ff-el-group'><div class=\"ff-el-input--label asterisk-right\"><label for='ff_5_description' id='label_ff_5_description' aria-label=\"Vos objectifs ou attentes pour cette formation\">Vos objectifs ou attentes pour cette formation<\/label><\/div><div class='ff-el-input--content'><textarea aria-required=\"false\" aria-labelledby=\"label_ff_5_description\" name=\"description\" id=\"ff_5_description\" class=\"ff-el-form-control\" placeholder=\"Exemples : \u2022 Sensibiliser une \u00e9quipe \u00e0 l\u2019IA \u2022 Comprendre ChatGPT pour un usage professionnel \u2022 Identifier des cas d\u2019automatisation \u2022 Pr\u00e9parer un projet IA\" rows=\"10\" cols=\"2\" data-name=\"description\" ><\/textarea><\/div><\/div><div data-name=\"ff_cn_id_1\"  class='ff-t-container ff-column-container ff_columns_total_2 '><div class='ff-t-cell ff-t-column-1' style='flex-basis: 50%;'><div class='ff-el-group'><div class=\"ff-el-input--label asterisk-right\"><label for='ff_5_input_text_1' id='label_ff_5_input_text_1' aria-label=\"Organisation \/ Entreprise\">Organisation \/ Entreprise<\/label><\/div><div class='ff-el-input--content'><input type=\"text\" name=\"input_text_1\" class=\"ff-el-form-control\" placeholder=\"Nom de votre entreprise\" data-name=\"input_text_1\" id=\"ff_5_input_text_1\"  aria-invalid=\"false\" aria-required=false><\/div><\/div><\/div><div class='ff-t-cell ff-t-column-2' style='flex-basis: 50%;'><div class='ff-el-group'><div class=\"ff-el-input--label asterisk-right\"><label for='ff_5_input_text_2' id='label_ff_5_input_text_2' aria-label=\"Fonction \/ Poste\">Fonction \/ Poste<\/label><\/div><div class='ff-el-input--content'><input type=\"text\" name=\"input_text_2\" class=\"ff-el-form-control\" placeholder=\"Responsable IT, RH, Direction, Consultant, Analyste\" data-name=\"input_text_2\" id=\"ff_5_input_text_2\"  aria-invalid=\"false\" aria-required=false><\/div><\/div><\/div><\/div><div class='ff-el-group'><div class=\"ff-el-input--label asterisk-right\"><label for='ff_5_dropdown' id='label_ff_5_dropdown' aria-label=\"Taille de l\u2019entreprise\">Taille de l\u2019entreprise<\/label><\/div><div class='ff-el-input--content'><select name=\"dropdown\" id=\"ff_5_dropdown\" class=\"ff-el-form-control\" data-name=\"dropdown\" data-calc_value=\"0\"  aria-invalid=\"false\" aria-required=\"false\" aria-labelledby=\"label_ff_5_dropdown\"><option value=\"\">- Select -<\/option><option value=\"1 \u2013 10 employ\u00e9s\"  >1 \u2013 10 employ\u00e9s<\/option><option value=\"11 \u2013 50 employ\u00e9s\"  >11 \u2013 50 employ\u00e9s<\/option><option value=\"51 \u2013 200 employ\u00e9s\"  >51 \u2013 200 employ\u00e9s<\/option><option value=\"51 \u2013 200 employ\u00e9s 200+ employ\u00e9s\"  >51 \u2013 200 employ\u00e9s 200+ employ\u00e9s<\/option><\/select><\/div><\/div><div class='ff-el-group ff-el-form-hide_label'><div class=\"ff-el-input--label ff-el-is-required asterisk-right\"><label   aria-label=\"Checkbox Field\">Checkbox Field<\/label><\/div><div class='ff-el-input--content'><div class='ff-el-form-check ff-el-form-check-'><label class='ff-el-form-check-label' for='checkbox_ab7605b63e18a91b7787e2ee971d3c83'><input  type=\"checkbox\" name=\"checkbox[]\" data-name=\"checkbox\" class=\"ff-el-form-check-input ff-el-form-check-checkbox\" value=\"J\u2019accepte les conditions g\u00e9n\u00e9rales et la politique de confidentialit\u00e9. Mes informations sont trait\u00e9es de mani\u00e8re confidentielle et s\u00e9curis\u00e9e.\"  id='checkbox_ab7605b63e18a91b7787e2ee971d3c83' aria-label='J\u2019accepte les conditions g\u00e9n\u00e9rales et la politique de confidentialit\u00e9. Mes informations sont trait\u00e9es de mani\u00e8re confidentielle et s\u00e9curis\u00e9e.' aria-invalid='false' aria-required=true> <span>J\u2019accepte les conditions g\u00e9n\u00e9rales et la politique de confidentialit\u00e9. Mes informations sont trait\u00e9es de mani\u00e8re confidentielle et s\u00e9curis\u00e9e.<\/span><\/label><\/div><\/div><\/div><input type=\"hidden\" name=\"formation\" value=\"{query:formation}\" data-name=\"formation\" ><div class='ff-el-group ff-text-center ff_submit_btn_wrapper'><button type=\"submit\" class=\"ff-btn ff-btn-submit ff-btn-lg mokafad-submit ff_btn_style wpf_has_custom_css\"  aria-label=\"Confirmer mon inscription\">Confirmer mon inscription<\/button><\/div><\/fieldset><\/form><div id='fluentform_5_errors' class='ff-errors-in-stack ff_form_instance_5_1 ff-form-loading_errors ff_form_instance_5_1_errors'><\/div><\/div>            <script type=\"text\/javascript\">\n                window.fluent_form_ff_form_instance_5_1 = {\"id\":\"5\",\"settings\":{\"layout\":{\"labelPlacement\":\"top\",\"asteriskPlacement\":\"asterisk-right\",\"helpMessagePlacement\":\"with_label\",\"errorMessagePlacement\":\"inline\",\"cssClassName\":\"\"},\"restrictions\":{\"denyEmptySubmission\":{\"enabled\":false}}},\"form_instance\":\"ff_form_instance_5_1\",\"form_id_selector\":\"fluentform_5\",\"rules\":{\"names_1[first_name]\":{\"required\":{\"value\":true,\"message\":\"This field is required\",\"global_message\":\"This field is required\",\"global\":true}},\"names_1[middle_name]\":{\"required\":{\"value\":false,\"message\":\"This field is required\",\"global_message\":\"This field is required\",\"global\":true}},\"names_1[last_name]\":{\"required\":{\"value\":true,\"message\":\"This field is required\",\"global_message\":\"This field is required\",\"global\":true}},\"email\":{\"required\":{\"value\":true,\"message\":\"This field is required\",\"global_message\":\"This field is required\",\"global\":true},\"email\":{\"value\":true,\"message\":\"This field must contain a valid email\",\"global_message\":\"This field must contain a valid email\",\"global\":true}},\"description\":{\"required\":{\"value\":false,\"message\":\"This field is required\",\"global_message\":\"This field is required\",\"global\":true}},\"input_text_1\":{\"required\":{\"value\":false,\"message\":\"This field is required\",\"global_message\":\"This field is required\",\"global\":true}},\"input_text_2\":{\"required\":{\"value\":false,\"message\":\"This field is required\",\"global_message\":\"This field is required\",\"global\":true}},\"dropdown\":{\"required\":{\"value\":false,\"message\":\"This field is required\",\"global_message\":\"This field is required\",\"global\":true}},\"checkbox\":{\"required\":{\"value\":true,\"message\":\"Veuillez accepter les conditions et la politique de confidentialit\\u00e9 pour continuer.\",\"global_message\":\"This field is required\",\"global\":false}}},\"debounce_time\":300};\n                            <\/script>\n                        <\/div>\n\n            \t\t\t\t<\/div>\n\t\t\t\t<\/div>\n\t\t\t\t\t<\/div>\n\t\t\t\t<\/div>\n\t\t\t\t<\/div>\n\t\t","protected":false},"excerpt":{"rendered":"<p>Inscription : D\u00e9mystifier l\u2019utilisation de l&rsquo; IA Merci de votre int\u00e9r\u00eat pour nos formations professionnelles.Les champs marqu\u00e9s d\u2019un ast\u00e9risque (*) sont obligatoires. Notre \u00e9quipe vous r\u00e9pond sous 24h. Inscription &#8211; D\u00e9mystifier l&rsquo;IA Pr\u00e9nomNomEmailVos objectifs ou attentes pour cette formationOrganisation \/ EntrepriseFonction \/ PosteTaille de l\u2019entreprise&#8211; Select &#8211;1 \u2013 10 employ\u00e9s11 \u2013 50 employ\u00e9s51 \u2013 200 [&hellip;]<\/p>\n","protected":false},"author":1,"featured_media":0,"parent":0,"menu_order":0,"comment_status":"closed","ping_status":"closed","template":"elementor_header_footer","meta":{"footnotes":""},"class_list":["post-601","page","type-page","status-publish","hentry","entry"],"_links":{"self":[{"href":"https:\/\/mokafad.ca\/index.php\/wp-json\/wp\/v2\/pages\/601","targetHints":{"allow":["GET"]}}],"collection":[{"href":"https:\/\/mokafad.ca\/index.php\/wp-json\/wp\/v2\/pages"}],"about":[{"href":"https:\/\/mokafad.ca\/index.php\/wp-json\/wp\/v2\/types\/page"}],"author":[{"embeddable":true,"href":"https:\/\/mokafad.ca\/index.php\/wp-json\/wp\/v2\/users\/1"}],"replies":[{"embeddable":true,"href":"https:\/\/mokafad.ca\/index.php\/wp-json\/wp\/v2\/comments?post=601"}],"version-history":[{"count":33,"href":"https:\/\/mokafad.ca\/index.php\/wp-json\/wp\/v2\/pages\/601\/revisions"}],"predecessor-version":[{"id":1016,"href":"https:\/\/mokafad.ca\/index.php\/wp-json\/wp\/v2\/pages\/601\/revisions\/1016"}],"wp:attachment":[{"href":"https:\/\/mokafad.ca\/index.php\/wp-json\/wp\/v2\/media?parent=601"}],"curies":[{"name":"wp","href":"https:\/\/api.w.org\/{rel}","templated":true}]}}