{"id":64,"date":"2025-12-16T02:49:21","date_gmt":"2025-12-16T02:49:21","guid":{"rendered":"https:\/\/mokafad.ca\/?page_id=64"},"modified":"2026-01-15T05:18:28","modified_gmt":"2026-01-15T05:18:28","slug":"demystifier-lia-utilisation-chatgpt","status":"publish","type":"page","link":"https:\/\/mokafad.ca\/index.php\/formations\/demystifier-lia-utilisation-chatgpt\/","title":{"rendered":"D\u00e9mystifier l\u2019utilisation de l\u2019IA en entreprise"},"content":{"rendered":"\t\t<div data-elementor-type=\"wp-page\" data-elementor-id=\"64\" class=\"elementor elementor-64\">\n\t\t\t\t<div class=\"elementor-element elementor-element-7c7315e e-con-full e-flex e-con e-parent\" data-id=\"7c7315e\" data-element_type=\"container\" data-e-type=\"container\" data-settings=\"{&quot;background_background&quot;:&quot;video&quot;,&quot;background_video_link&quot;:&quot;https:\\\/\\\/mokafad.ca\\\/wp-content\\\/uploads\\\/2026\\\/01\\\/20260113_2037_New-Video_simple_compose_01kex2caevfhcvf9yv6m8w2sj9.mp4&quot;}\">\n\t\t<div class=\"elementor-background-video-container elementor-hidden-mobile\">\n\t\t\t\t\t\t\t<video class=\"elementor-background-video-hosted\" role=\"presentation\" autoplay muted playsinline loop><\/video>\n\t\t\t\t\t<\/div><div class=\"elementor-element elementor-element-66fe7012 e-con-full e-flex e-con e-child\" data-id=\"66fe7012\" data-element_type=\"container\" data-e-type=\"container\">\n\t\t<div class=\"elementor-element elementor-element-b5418a7 e-con-full e-flex e-con e-child\" data-id=\"b5418a7\" data-element_type=\"container\" data-e-type=\"container\">\n\t\t\t\t<div class=\"elementor-element elementor-element-0dceb2a elementor-widget elementor-widget-heading\" data-id=\"0dceb2a\" data-element_type=\"widget\" data-e-type=\"widget\" data-widget_type=\"heading.default\">\n\t\t\t\t\t<h2 class=\"elementor-heading-title elementor-size-default\">D\u00e9mystifier l\u2019utilisation de l\u2019IA en entreprise<\/h2>\t\t\t\t<\/div>\n\t\t\t\t<\/div>\n\t\t\t\t<div class=\"elementor-element elementor-element-438bf64e elementor-widget elementor-widget-text-editor\" data-id=\"438bf64e\" data-element_type=\"widget\" data-e-type=\"widget\" data-widget_type=\"text-editor.default\">\n\t\t\t\t\t\t\t\t\t<p>Une formation structur\u00e9e pour comprendre, cadrer et int\u00e9grer l\u2019intelligence artificielle de mani\u00e8re pragmatique, s\u00e9curis\u00e9e et align\u00e9e sur les enjeux d\u2019affaires.<\/p>\t\t\t\t\t\t\t\t<\/div>\n\t\t<div class=\"elementor-element elementor-element-251c35f e-con-full e-flex e-con e-child\" data-id=\"251c35f\" data-element_type=\"container\" data-e-type=\"container\">\n\t\t\t\t<div class=\"elementor-element elementor-element-a646c1d elementor-align-left elementor-widget__width-inherit elementor-widget-mobile__width-initial elementor-widget elementor-widget-button\" data-id=\"a646c1d\" data-element_type=\"widget\" data-e-type=\"widget\" data-widget_type=\"button.default\">\n\t\t\t\t\t\t\t\t\t\t<a class=\"elementor-button elementor-button-link elementor-size-sm\" href=\"https:\/\/mokafad.ca\/index.php\/inscription-a-la-formation-2\/\">\n\t\t\t\t\t\t<span class=\"elementor-button-content-wrapper\">\n\t\t\t\t\t\t\t\t\t<span class=\"elementor-button-text\">S'inscrire<\/span>\n\t\t\t\t\t<\/span>\n\t\t\t\t\t<\/a>\n\t\t\t\t\t\t\t\t<\/div>\n\t\t\t\t<\/div>\n\t\t\t\t<\/div>\n\t\t\t\t<\/div>\n\t\t<div class=\"elementor-element elementor-element-0b4350e e-con-full e-flex e-con e-parent\" data-id=\"0b4350e\" data-element_type=\"container\" data-e-type=\"container\">\n\t\t<div class=\"elementor-element elementor-element-2fabb6f e-con-full e-flex e-con e-child\" data-id=\"2fabb6f\" data-element_type=\"container\" data-e-type=\"container\">\n\t\t<div class=\"elementor-element elementor-element-39bb553 e-con-full e-flex e-con e-child\" data-id=\"39bb553\" data-element_type=\"container\" data-e-type=\"container\">\n\t\t\t\t<div class=\"elementor-element elementor-element-97be6fd elementor-widget elementor-widget-heading\" data-id=\"97be6fd\" data-element_type=\"widget\" data-e-type=\"widget\" data-widget_type=\"heading.default\">\n\t\t\t\t\t<h2 class=\"elementor-heading-title elementor-size-default\">Pourquoi cette formation ?<\/h2>\t\t\t\t<\/div>\n\t\t\t\t<\/div>\n\t\t<div class=\"elementor-element elementor-element-6570009 e-con-full e-flex e-con e-child\" data-id=\"6570009\" data-element_type=\"container\" data-e-type=\"container\">\n\t\t\t\t<div class=\"elementor-element elementor-element-a93a3b6 elementor-widget elementor-widget-text-editor\" data-id=\"a93a3b6\" data-element_type=\"widget\" data-e-type=\"widget\" data-widget_type=\"text-editor.default\">\n\t\t\t\t\t\t\t\t\t<p>L\u2019intelligence artificielle transforme les organisations, mais son usage soul\u00e8ve des enjeux \u00e9thiques, r\u00e9glementaires et op\u00e9rationnels. Cette formation permet de structurer des usages responsables et align\u00e9s avec les objectifs de l\u2019entreprise.<\/p><p>Elle s\u2019adresse \u00e0 toute entreprise qui souhaite implanter l\u2019IA responsable.<\/p>\t\t\t\t\t\t\t\t<\/div>\n\t\t\t\t<\/div>\n\t\t\t\t<\/div>\n\t\t\t\t<\/div>\n\t\t<div class=\"elementor-element elementor-element-9e897e1 e-flex e-con-boxed e-con e-parent\" data-id=\"9e897e1\" data-element_type=\"container\" data-e-type=\"container\">\n\t\t\t\t\t<div class=\"e-con-inner\">\n\t\t<div class=\"elementor-element elementor-element-5db5466 e-con-full e-flex e-con e-child\" data-id=\"5db5466\" data-element_type=\"container\" data-e-type=\"container\">\n\t\t\t\t<div class=\"elementor-element elementor-element-d29c302 elementor-widget elementor-widget-text-editor\" data-id=\"d29c302\" data-element_type=\"widget\" data-e-type=\"widget\" data-widget_type=\"text-editor.default\">\n\t\t\t\t\t\t\t\t\t<style>\n\/* ===== TABLE FORMATION \u2013 VERSION PREMIUM ANTI-COUPURE ===== *\/\n.formation-table {\n  width: 100%;\n  border-collapse: separate;\n  border-spacing: 0;\n  background-color: #ffffff;\n  border-radius: 14px;\n  overflow: hidden;\n  box-shadow: 0 12px 32px rgba(0, 0, 0, 0.06);\n  font-family: inherit;\n}\n\n\/* Cellules *\/\n.formation-table td {\n  padding: 36px 38px;\n  font-size: 24px;\n  line-height: 1.8;\n  color: #1f2933;\n  vertical-align: top;\n\n  \/* \u2705 Anti coupure texte Elementor *\/\n  white-space: normal !important;\n  word-break: keep-all !important;\n  overflow-wrap: normal !important;\n  hyphens: none !important;\n}\n\n\/* Colonne Modules *\/\n.formation-table td.module {\n  font-weight: 700;\n  font-size: 27px;\n  color: #0B2A4A;\n  width: 35%;\n}\n\n\/* Alternance lignes *\/\n.formation-table tr:nth-child(odd) {\n  background-color: #f6f7f9;\n}\n\n.formation-table tr:nth-child(even) {\n  background-color: #ffffff;\n}\n\n\/* ===== RESPONSIVE MOBILE ===== *\/\n@media (max-width: 768px) {\n  .formation-table,\n  .formation-table tr,\n  .formation-table td {\n    display: block;\n    width: 100% !important;\n  }\n\n  .formation-table tr {\n    margin-bottom: 26px;\n    border-radius: 14px;\n    overflow: hidden;\n  }\n\n  .formation-table td {\n    padding: 20px 22px;\n    font-size: 19px;\n    line-height: 1.7;\n    max-width: 100% !important;\n  }\n\n  .formation-table td.module {\n    font-size: 22px;\n    margin-bottom: 14px;\n  }\n}\n<\/style>\n\n<table class=\"formation-table\">\n  <tbody>\n    <tr>\n      <td class=\"module\">Introduction \u00e0 l\u2019intelligence artificielle<\/td>\n      <td>\n        Comprendre les concepts fondamentaux de l\u2019IA, ses principes de base et les\n        grandes familles de technologies utilis\u00e9es aujourd\u2019hui en entreprise.\n      <\/td>\n    <\/tr>\n\n    <tr>\n      <td class=\"module\">Fonctionnement des syst\u00e8mes d\u2019IA<\/td>\n      <td>\n        D\u00e9couvrir comment fonctionnent les syst\u00e8mes d\u2019IA, de la donn\u00e9e \u00e0\n        l\u2019algorithme, et comprendre leurs capacit\u00e9s r\u00e9elles ainsi que leurs\n        limites op\u00e9rationnelles.\n      <\/td>\n    <\/tr>\n\n    <tr>\n      <td class=\"module\">Risques et enjeux de l\u2019IA<\/td>\n      <td>\n        Identifier les principaux risques li\u00e9s \u00e0 l\u2019utilisation de l\u2019IA\n        (biais, s\u00e9curit\u00e9, d\u00e9pendance technologique) et les enjeux strat\u00e9giques,\n        humains et organisationnels.\n      <\/td>\n    <\/tr>\n\n    <tr>\n      <td class=\"module\">Gouvernance et \u00e9thique de l\u2019IA<\/td>\n      <td>\n        Appr\u00e9hender les bonnes pratiques de gouvernance, les principes \u00e9thiques\n        et les cadres r\u00e9glementaires encadrant l\u2019usage responsable de l\u2019IA\n        en entreprise.\n      <\/td>\n    <\/tr>\n\n    <tr>\n      <td class=\"module\">Utilisation responsable de l\u2019IA<\/td>\n      <td>\n        Adopter une approche pragmatique et responsable de l\u2019IA, en alignant\n        les usages sur les valeurs de l\u2019entreprise, les besoins m\u00e9tiers\n        et les attentes des parties prenantes.\n      <\/td>\n    <\/tr>\n\n    <tr>\n      <td class=\"module\">R\u00e9daction de prompts efficaces<\/td>\n      <td>\n        Comprendre l\u2019impact des prompts et apprendre \u00e0 les formuler efficacement\n        afin d\u2019obtenir des r\u00e9sultats fiables, pertinents et exploitables.\n      <\/td>\n    <\/tr>\n  <\/tbody>\n<\/table>\n\t\t\t\t\t\t\t\t<\/div>\n\t\t\t\t<\/div>\n\t\t\t\t\t<\/div>\n\t\t\t\t<\/div>\n\t\t<div class=\"elementor-element elementor-element-65b816b e-con-full e-flex e-con e-parent\" data-id=\"65b816b\" data-element_type=\"container\" data-e-type=\"container\" data-settings=\"{&quot;background_background&quot;:&quot;classic&quot;}\">\n\t\t<div class=\"elementor-element elementor-element-6e55519 e-con-full e-flex e-con e-child\" data-id=\"6e55519\" data-element_type=\"container\" data-e-type=\"container\">\n\t\t\t\t<div class=\"elementor-element elementor-element-bd52fae elementor-widget elementor-widget-text-editor\" data-id=\"bd52fae\" data-element_type=\"widget\" data-e-type=\"widget\" data-widget_type=\"text-editor.default\">\n\t\t\t\t\t\t\t\t\t<h1 data-start=\"125\" data-end=\"193\">Pr\u00eat \u00e0 d\u00e9velopper vos comp\u00e9tences en intelligence artificielle ?<\/h1><p data-start=\"195\" data-end=\"342\">Formation accessible \u00e0 tous, <strong data-start=\"224\" data-end=\"252\">sans pr\u00e9requis technique<\/strong>, con\u00e7ue pour une compr\u00e9hension claire et des usages responsables en milieu professionnel.<\/p>\t\t\t\t\t\t\t\t<\/div>\n\t\t\t\t<div class=\"elementor-element elementor-element-39f08746 elementor-align-justify elementor-widget__width-initial elementor-widget-mobile__width-initial elementor-widget elementor-widget-button\" data-id=\"39f08746\" data-element_type=\"widget\" data-e-type=\"widget\" data-widget_type=\"button.default\">\n\t\t\t\t\t\t\t\t\t\t<a class=\"elementor-button elementor-button-link elementor-size-sm\" href=\"https:\/\/mokafad.ca\/index.php\/inscription-a-la-formation-2\/\">\n\t\t\t\t\t\t<span class=\"elementor-button-content-wrapper\">\n\t\t\t\t\t\t\t\t\t<span class=\"elementor-button-text\">Nous joindre<\/span>\n\t\t\t\t\t<\/span>\n\t\t\t\t\t<\/a>\n\t\t\t\t\t\t\t\t<\/div>\n\t\t\t\t<\/div>\n\t\t\t\t<\/div>\n\t\t<div class=\"elementor-element elementor-element-3b0f162a e-flex e-con-boxed e-con e-parent\" data-id=\"3b0f162a\" data-element_type=\"container\" data-e-type=\"container\" data-settings=\"{&quot;background_background&quot;:&quot;classic&quot;}\">\n\t\t\t\t\t<div class=\"e-con-inner\">\n\t\t<div class=\"elementor-element elementor-element-1074b0ad e-con-full e-flex e-con e-child\" data-id=\"1074b0ad\" data-element_type=\"container\" data-e-type=\"container\">\n\t\t<div class=\"elementor-element elementor-element-6ff71ad4 e-con-full e-flex e-con e-child\" data-id=\"6ff71ad4\" data-element_type=\"container\" data-e-type=\"container\">\n\t\t<div class=\"elementor-element elementor-element-72fba555 e-con-full e-flex e-con e-child\" data-id=\"72fba555\" data-element_type=\"container\" data-e-type=\"container\">\n\t\t\t\t<div class=\"elementor-element elementor-element-37081a00 elementor-widget elementor-widget-heading\" data-id=\"37081a00\" data-element_type=\"widget\" data-e-type=\"widget\" data-widget_type=\"heading.default\">\n\t\t\t\t\t<h2 class=\"elementor-heading-title elementor-size-default\">Mokafad<\/h2>\t\t\t\t<\/div>\n\t\t\t\t<div class=\"elementor-element elementor-element-4e4cddc0 elementor-widget elementor-widget-text-editor\" data-id=\"4e4cddc0\" data-element_type=\"widget\" data-e-type=\"widget\" data-widget_type=\"text-editor.default\">\n\t\t\t\t\t\t\t\t\t<p>Votre partenaire technologique pour une transformation num\u00e9rique reussie<\/p>\t\t\t\t\t\t\t\t<\/div>\n\t\t<div class=\"elementor-element elementor-element-16224424 e-con-full e-flex e-con e-child\" data-id=\"16224424\" data-element_type=\"container\" data-e-type=\"container\">\n\t\t<div class=\"elementor-element elementor-element-301d4fe9 e-con-full e-flex e-con e-child\" data-id=\"301d4fe9\" data-element_type=\"container\" data-e-type=\"container\" data-settings=\"{&quot;background_background&quot;:&quot;classic&quot;}\">\n\t\t\t\t<div class=\"elementor-element elementor-element-50bdc782 elementor-view-default elementor-widget elementor-widget-icon\" data-id=\"50bdc782\" data-element_type=\"widget\" data-e-type=\"widget\" data-widget_type=\"icon.default\">\n\t\t\t\t\t\t\t<div class=\"elementor-icon-wrapper\">\n\t\t\t<a class=\"elementor-icon\" href=\"https:\/\/www.linkedin.com\/company\/mokafad\/?viewAsMember=true\" target=\"_blank\" rel=\"noopener\">\n\t\t\t<svg aria-hidden=\"true\" class=\"e-font-icon-svg e-fab-linkedin\" viewBox=\"0 0 448 512\" xmlns=\"http:\/\/www.w3.org\/2000\/svg\"><path d=\"M416 32H31.9C14.3 32 0 46.5 0 64.3v383.4C0 465.5 14.3 480 31.9 480H416c17.6 0 32-14.5 32-32.3V64.3c0-17.8-14.4-32.3-32-32.3zM135.4 416H69V202.2h66.5V416zm-33.2-243c-21.3 0-38.5-17.3-38.5-38.5S80.9 96 102.2 96c21.2 0 38.5 17.3 38.5 38.5 0 21.3-17.2 38.5-38.5 38.5zm282.1 243h-66.4V312c0-24.8-.5-56.7-34.5-56.7-34.6 0-39.9 27-39.9 54.9V416h-66.4V202.2h63.7v29.2h.9c8.9-16.8 30.6-34.5 62.9-34.5 67.2 0 79.7 44.3 79.7 101.9V416z\"><\/path><\/svg>\t\t\t<\/a>\n\t\t<\/div>\n\t\t\t\t\t\t<\/div>\n\t\t\t\t<\/div>\n\t\t<div class=\"elementor-element elementor-element-4b1e6ad3 e-con-full e-flex e-con e-child\" data-id=\"4b1e6ad3\" data-element_type=\"container\" data-e-type=\"container\" data-settings=\"{&quot;background_background&quot;:&quot;classic&quot;}\">\n\t\t\t\t<div class=\"elementor-element elementor-element-1978e903 elementor-view-default elementor-widget elementor-widget-icon\" data-id=\"1978e903\" data-element_type=\"widget\" data-e-type=\"widget\" data-widget_type=\"icon.default\">\n\t\t\t\t\t\t\t<div class=\"elementor-icon-wrapper\">\n\t\t\t<a class=\"elementor-icon\" href=\"https:\/\/www.facebook.com\/profile.php?id=61585873146529\" target=\"_blank\" rel=\"noopener\">\n\t\t\t<svg aria-hidden=\"true\" class=\"e-font-icon-svg e-fab-facebook\" viewBox=\"0 0 512 512\" xmlns=\"http:\/\/www.w3.org\/2000\/svg\"><path d=\"M504 256C504 119 393 8 256 8S8 119 8 256c0 123.78 90.69 226.38 209.25 245V327.69h-63V256h63v-54.64c0-62.15 37-96.48 93.67-96.48 27.14 0 55.52 4.84 55.52 4.84v61h-31.28c-30.8 0-40.41 19.12-40.41 38.73V256h68.78l-11 71.69h-57.78V501C413.31 482.38 504 379.78 504 256z\"><\/path><\/svg>\t\t\t<\/a>\n\t\t<\/div>\n\t\t\t\t\t\t<\/div>\n\t\t\t\t<\/div>\n\t\t\t\t<\/div>\n\t\t\t\t<\/div>\n\t\t<div class=\"elementor-element elementor-element-31f51cc6 e-con-full e-flex e-con e-child\" data-id=\"31f51cc6\" data-element_type=\"container\" data-e-type=\"container\">\n\t\t\t\t<div class=\"elementor-element elementor-element-3f440f49 elementor-widget elementor-widget-heading\" data-id=\"3f440f49\" data-element_type=\"widget\" data-e-type=\"widget\" data-widget_type=\"heading.default\">\n\t\t\t\t\t<h2 class=\"elementor-heading-title elementor-size-default\">Services<\/h2>\t\t\t\t<\/div>\n\t\t<div class=\"elementor-element elementor-element-14e417c6 e-con-full e-flex e-con e-child\" data-id=\"14e417c6\" data-element_type=\"container\" data-e-type=\"container\">\n\t\t<div class=\"elementor-element elementor-element-4b09b16e e-con-full e-flex e-con e-child\" data-id=\"4b09b16e\" data-element_type=\"container\" data-e-type=\"container\">\n\t\t\t\t<div class=\"elementor-element elementor-element-bde8e47 elementor-widget elementor-widget-text-editor\" data-id=\"bde8e47\" data-element_type=\"widget\" data-e-type=\"widget\" data-widget_type=\"text-editor.default\">\n\t\t\t\t\t\t\t\t\t<p>Automatisation<br \/>Intelligence artificielle<br \/>D\u00e9veloppement logiciel<br \/>Business Intelligence<br \/>Accompagnement et support<\/p>\t\t\t\t\t\t\t\t<\/div>\n\t\t\t\t<\/div>\n\t\t\t\t<\/div>\n\t\t\t\t<\/div>\n\t\t<div class=\"elementor-element elementor-element-1d8d24ea e-con-full e-flex e-con e-child\" data-id=\"1d8d24ea\" data-element_type=\"container\" data-e-type=\"container\">\n\t\t\t\t<div class=\"elementor-element elementor-element-be4b8f8 elementor-widget elementor-widget-heading\" data-id=\"be4b8f8\" data-element_type=\"widget\" data-e-type=\"widget\" data-widget_type=\"heading.default\">\n\t\t\t\t\t<h2 class=\"elementor-heading-title elementor-size-default\">Formations<\/h2>\t\t\t\t<\/div>\n\t\t<div class=\"elementor-element elementor-element-49863ff4 e-con-full e-flex e-con e-child\" data-id=\"49863ff4\" data-element_type=\"container\" data-e-type=\"container\">\n\t\t<div class=\"elementor-element elementor-element-5d26ff24 e-con-full e-flex e-con e-child\" data-id=\"5d26ff24\" data-element_type=\"container\" data-e-type=\"container\">\n\t\t\t\t<div class=\"elementor-element elementor-element-5da13f57 elementor-widget elementor-widget-text-editor\" data-id=\"5da13f57\" data-element_type=\"widget\" data-e-type=\"widget\" data-widget_type=\"text-editor.default\">\n\t\t\t\t\t\t\t\t\t<p class=\"elementor-heading-title elementor-size-default\">D\u00e9mystifier l&rsquo;utilisation de l\u2019IA en entreprise\u00a0<\/p><p class=\"elementor-heading-title elementor-size-default\">Int\u00e9gration de l\u2019IA en entreprise<\/p><p class=\"elementor-heading-title elementor-size-default\">Gestion et impl\u00e9mentation des solutions IA<\/p>\t\t\t\t\t\t\t\t<\/div>\n\t\t\t\t<\/div>\n\t\t\t\t<\/div>\n\t\t\t\t<\/div>\n\t\t<div class=\"elementor-element elementor-element-7dfef246 e-con-full e-flex e-con e-child\" data-id=\"7dfef246\" data-element_type=\"container\" data-e-type=\"container\">\n\t\t<div class=\"elementor-element elementor-element-31b92696 e-con-full e-flex e-con e-child\" data-id=\"31b92696\" data-element_type=\"container\" data-e-type=\"container\">\n\t\t\t\t<div class=\"elementor-element elementor-element-28e565cb elementor-widget elementor-widget-heading\" data-id=\"28e565cb\" data-element_type=\"widget\" data-e-type=\"widget\" data-widget_type=\"heading.default\">\n\t\t\t\t\t<h2 class=\"elementor-heading-title elementor-size-default\">Contact<\/h2>\t\t\t\t<\/div>\n\t\t\t\t<\/div>\n\t\t<div class=\"elementor-element elementor-element-677c0a65 e-con-full e-flex e-con e-child\" data-id=\"677c0a65\" data-element_type=\"container\" data-e-type=\"container\">\n\t\t<div class=\"elementor-element elementor-element-368f7e70 e-con-full e-flex e-con e-child\" data-id=\"368f7e70\" data-element_type=\"container\" data-e-type=\"container\">\n\t\t\t\t<div class=\"elementor-element elementor-element-6bdb5120 elementor-view-default elementor-widget elementor-widget-icon\" data-id=\"6bdb5120\" data-element_type=\"widget\" data-e-type=\"widget\" data-widget_type=\"icon.default\">\n\t\t\t\t\t\t\t<div class=\"elementor-icon-wrapper\">\n\t\t\t<div class=\"elementor-icon\">\n\t\t\t<svg aria-hidden=\"true\" class=\"e-font-icon-svg e-fas-map-marker-alt\" viewBox=\"0 0 384 512\" xmlns=\"http:\/\/www.w3.org\/2000\/svg\"><path d=\"M172.268 501.67C26.97 291.031 0 269.413 0 192 0 85.961 85.961 0 192 0s192 85.961 192 192c0 77.413-26.97 99.031-172.268 309.67-9.535 13.774-29.93 13.773-39.464 0zM192 272c44.183 0 80-35.817 80-80s-35.817-80-80-80-80 35.817-80 80 35.817 80 80 80z\"><\/path><\/svg>\t\t\t<\/div>\n\t\t<\/div>\n\t\t\t\t\t\t<\/div>\n\t\t\t\t<\/div>\n\t\t\t\t<div class=\"elementor-element elementor-element-41ce0abe elementor-widget elementor-widget-text-editor\" data-id=\"41ce0abe\" data-element_type=\"widget\" data-e-type=\"widget\" data-widget_type=\"text-editor.default\">\n\t\t\t\t\t\t\t\t\t<p>Ch\u00e2teauguay, QC, Canada<\/p>\t\t\t\t\t\t\t\t<\/div>\n\t\t\t\t<\/div>\n\t\t<div class=\"elementor-element elementor-element-54c04814 e-con-full e-flex e-con e-child\" data-id=\"54c04814\" data-element_type=\"container\" data-e-type=\"container\">\n\t\t<div class=\"elementor-element elementor-element-1e1dff32 e-con-full e-flex e-con e-child\" data-id=\"1e1dff32\" data-element_type=\"container\" data-e-type=\"container\">\n\t\t\t\t<div class=\"elementor-element elementor-element-198e3275 elementor-view-default elementor-widget elementor-widget-icon\" data-id=\"198e3275\" data-element_type=\"widget\" data-e-type=\"widget\" data-widget_type=\"icon.default\">\n\t\t\t\t\t\t\t<div class=\"elementor-icon-wrapper\">\n\t\t\t<div class=\"elementor-icon\">\n\t\t\t<svg aria-hidden=\"true\" class=\"e-font-icon-svg e-fas-phone-alt\" viewBox=\"0 0 512 512\" xmlns=\"http:\/\/www.w3.org\/2000\/svg\"><path d=\"M497.39 361.8l-112-48a24 24 0 0 0-28 6.9l-49.6 60.6A370.66 370.66 0 0 1 130.6 204.11l60.6-49.6a23.94 23.94 0 0 0 6.9-28l-48-112A24.16 24.16 0 0 0 122.6.61l-104 24A24 24 0 0 0 0 48c0 256.5 207.9 464 464 464a24 24 0 0 0 23.4-18.6l24-104a24.29 24.29 0 0 0-14.01-27.6z\"><\/path><\/svg>\t\t\t<\/div>\n\t\t<\/div>\n\t\t\t\t\t\t<\/div>\n\t\t\t\t<\/div>\n\t\t\t\t<div class=\"elementor-element elementor-element-13ce9f08 elementor-widget elementor-widget-text-editor\" data-id=\"13ce9f08\" data-element_type=\"widget\" data-e-type=\"widget\" data-widget_type=\"text-editor.default\">\n\t\t\t\t\t\t\t\t\t<p>+1 (514) 123-4567<\/p>\t\t\t\t\t\t\t\t<\/div>\n\t\t\t\t<\/div>\n\t\t<div class=\"elementor-element elementor-element-794ae48a e-con-full e-flex e-con e-child\" data-id=\"794ae48a\" data-element_type=\"container\" data-e-type=\"container\">\n\t\t<div class=\"elementor-element elementor-element-1f0c9a33 e-con-full e-flex e-con e-child\" data-id=\"1f0c9a33\" data-element_type=\"container\" data-e-type=\"container\">\n\t\t\t\t<div class=\"elementor-element elementor-element-5e385ca5 elementor-view-default elementor-widget elementor-widget-icon\" data-id=\"5e385ca5\" data-element_type=\"widget\" data-e-type=\"widget\" data-widget_type=\"icon.default\">\n\t\t\t\t\t\t\t<div class=\"elementor-icon-wrapper\">\n\t\t\t<div class=\"elementor-icon\">\n\t\t\t<svg aria-hidden=\"true\" class=\"e-font-icon-svg e-fas-envelope\" viewBox=\"0 0 512 512\" xmlns=\"http:\/\/www.w3.org\/2000\/svg\"><path d=\"M502.3 190.8c3.9-3.1 9.7-.2 9.7 4.7V400c0 26.5-21.5 48-48 48H48c-26.5 0-48-21.5-48-48V195.6c0-5 5.7-7.8 9.7-4.7 22.4 17.4 52.1 39.5 154.1 113.6 21.1 15.4 56.7 47.8 92.2 47.6 35.7.3 72-32.8 92.3-47.6 102-74.1 131.6-96.3 154-113.7zM256 320c23.2.4 56.6-29.2 73.4-41.4 132.7-96.3 142.8-104.7 173.4-128.7 5.8-4.5 9.2-11.5 9.2-18.9v-19c0-26.5-21.5-48-48-48H48C21.5 64 0 85.5 0 112v19c0 7.4 3.4 14.3 9.2 18.9 30.6 23.9 40.7 32.4 173.4 128.7 16.8 12.2 50.2 41.8 73.4 41.4z\"><\/path><\/svg>\t\t\t<\/div>\n\t\t<\/div>\n\t\t\t\t\t\t<\/div>\n\t\t\t\t<\/div>\n\t\t\t\t<div class=\"elementor-element elementor-element-2a0752eb elementor-widget elementor-widget-text-editor\" data-id=\"2a0752eb\" data-element_type=\"widget\" data-e-type=\"widget\" data-widget_type=\"text-editor.default\">\n\t\t\t\t\t\t\t\t\t<p>contact@mokafad.ca<\/p>\t\t\t\t\t\t\t\t<\/div>\n\t\t\t\t<\/div>\n\t\t\t\t<\/div>\n\t\t<div class=\"elementor-element elementor-element-60e2a37b e-con-full e-flex e-con e-child\" data-id=\"60e2a37b\" data-element_type=\"container\" data-e-type=\"container\">\n\t\t<div class=\"elementor-element elementor-element-7ec1cd62 e-con-full e-flex e-con e-child\" data-id=\"7ec1cd62\" data-element_type=\"container\" data-e-type=\"container\">\n\t\t\t\t<div class=\"elementor-element elementor-element-640432c elementor-widget__width-inherit elementor-widget elementor-widget-text-editor\" data-id=\"640432c\" data-element_type=\"widget\" data-e-type=\"widget\" data-widget_type=\"text-editor.default\">\n\t\t\t\t\t\t\t\t\t<p>\u00a9 2024 Mokafad. Tous droits r\u00e9serv\u00e9s.<\/p>\t\t\t\t\t\t\t\t<\/div>\n\t\t\t\t<\/div>\n\t\t<div class=\"elementor-element elementor-element-4b157a06 e-con-full e-flex e-con e-child\" data-id=\"4b157a06\" data-element_type=\"container\" data-e-type=\"container\">\n\t\t\t\t<div class=\"elementor-element elementor-element-105f6430 elementor-widget__width-initial elementor-widget elementor-widget-text-editor\" data-id=\"105f6430\" data-element_type=\"widget\" data-e-type=\"widget\" data-widget_type=\"text-editor.default\">\n\t\t\t\t\t\t\t\t\t<p>Politique de confidentialit\u00e9<\/p>\t\t\t\t\t\t\t\t<\/div>\n\t\t\t\t<div class=\"elementor-element elementor-element-301ab102 elementor-widget__width-initial elementor-widget elementor-widget-text-editor\" data-id=\"301ab102\" data-element_type=\"widget\" data-e-type=\"widget\" data-widget_type=\"text-editor.default\">\n\t\t\t\t\t\t\t\t\t<p>Conditions d&rsquo;utilisation<\/p>\t\t\t\t\t\t\t\t<\/div>\n\t\t\t\t<\/div>\n\t\t\t\t<\/div>\n\t\t\t\t<\/div>\n\t\t\t\t<\/div>\n\t\t\t\t\t<\/div>\n\t\t\t\t<\/div>\n\t\t\t\t<\/div>\n\t\t","protected":false},"excerpt":{"rendered":"<p>D\u00e9mystifier l\u2019utilisation de l\u2019IA en entreprise Une formation structur\u00e9e pour comprendre, cadrer et int\u00e9grer l\u2019intelligence artificielle de mani\u00e8re pragmatique, s\u00e9curis\u00e9e et align\u00e9e sur les enjeux d\u2019affaires. S&rsquo;inscrire Pourquoi cette formation ? L\u2019intelligence artificielle transforme les organisations, mais son usage soul\u00e8ve des enjeux \u00e9thiques, r\u00e9glementaires et op\u00e9rationnels. Cette formation permet de structurer des usages responsables et [&hellip;]<\/p>\n","protected":false},"author":1,"featured_media":0,"parent":48,"menu_order":0,"comment_status":"closed","ping_status":"closed","template":"elementor_header_footer","meta":{"footnotes":""},"class_list":["post-64","page","type-page","status-publish","hentry","entry"],"_links":{"self":[{"href":"https:\/\/mokafad.ca\/index.php\/wp-json\/wp\/v2\/pages\/64","targetHints":{"allow":["GET"]}}],"collection":[{"href":"https:\/\/mokafad.ca\/index.php\/wp-json\/wp\/v2\/pages"}],"about":[{"href":"https:\/\/mokafad.ca\/index.php\/wp-json\/wp\/v2\/types\/page"}],"author":[{"embeddable":true,"href":"https:\/\/mokafad.ca\/index.php\/wp-json\/wp\/v2\/users\/1"}],"replies":[{"embeddable":true,"href":"https:\/\/mokafad.ca\/index.php\/wp-json\/wp\/v2\/comments?post=64"}],"version-history":[{"count":113,"href":"https:\/\/mokafad.ca\/index.php\/wp-json\/wp\/v2\/pages\/64\/revisions"}],"predecessor-version":[{"id":2506,"href":"https:\/\/mokafad.ca\/index.php\/wp-json\/wp\/v2\/pages\/64\/revisions\/2506"}],"up":[{"embeddable":true,"href":"https:\/\/mokafad.ca\/index.php\/wp-json\/wp\/v2\/pages\/48"}],"wp:attachment":[{"href":"https:\/\/mokafad.ca\/index.php\/wp-json\/wp\/v2\/media?parent=64"}],"curies":[{"name":"wp","href":"https:\/\/api.w.org\/{rel}","templated":true}]}}