{"id":66,"date":"2025-12-16T02:50:29","date_gmt":"2025-12-16T02:50:29","guid":{"rendered":"https:\/\/mokafad.ca\/?page_id=66"},"modified":"2026-01-20T15:30:14","modified_gmt":"2026-01-20T15:30:14","slug":"gestion-et-implantation-de-solutions-ia","status":"publish","type":"page","link":"https:\/\/mokafad.ca\/index.php\/formations\/gestion-et-implantation-de-solutions-ia\/","title":{"rendered":"Gestion et Implantation de Projet IA"},"content":{"rendered":"\t\t<div data-elementor-type=\"wp-page\" data-elementor-id=\"66\" class=\"elementor elementor-66\">\n\t\t\t\t<div class=\"elementor-element elementor-element-1076991f e-con-full e-flex e-con e-parent\" data-id=\"1076991f\" data-element_type=\"container\" data-e-type=\"container\" data-settings=\"{&quot;background_background&quot;:&quot;video&quot;,&quot;background_video_link&quot;:&quot;https:\\\/\\\/mokafad.ca\\\/wp-content\\\/uploads\\\/2026\\\/01\\\/20260113_2037_New-Video_simple_compose_01kex2caevfhcvf9yv6m8w2sj9.mp4&quot;}\">\n\t\t<div class=\"elementor-background-video-container elementor-hidden-mobile\">\n\t\t\t\t\t\t\t<video class=\"elementor-background-video-hosted\" role=\"presentation\" autoplay muted playsinline loop><\/video>\n\t\t\t\t\t<\/div><div class=\"elementor-element elementor-element-78eb14d3 e-con-full e-flex e-con e-child\" data-id=\"78eb14d3\" data-element_type=\"container\" data-e-type=\"container\">\n\t\t<div class=\"elementor-element elementor-element-13d2309a e-con-full e-flex e-con e-child\" data-id=\"13d2309a\" data-element_type=\"container\" data-e-type=\"container\">\n\t\t\t\t<div class=\"elementor-element elementor-element-43ebe7ef elementor-widget elementor-widget-heading\" data-id=\"43ebe7ef\" data-element_type=\"widget\" data-e-type=\"widget\" data-widget_type=\"heading.default\">\n\t\t\t\t\t<h2 class=\"elementor-heading-title elementor-size-default\">Gestion et implantation de projet IA<\/h2>\t\t\t\t<\/div>\n\t\t\t\t<\/div>\n\t\t\t\t<div class=\"elementor-element elementor-element-406bd3cb elementor-widget elementor-widget-text-editor\" data-id=\"406bd3cb\" data-element_type=\"widget\" data-e-type=\"widget\" data-widget_type=\"text-editor.default\">\n\t\t\t\t\t\t\t\t\t<p>Une formation structur\u00e9e pour concevoir, piloter et d\u00e9ployer des projets d\u2019intelligence artificielle \u00e0 forte valeur ajout\u00e9e, align\u00e9s sur vos objectifs d\u2019affaire<\/p>\t\t\t\t\t\t\t\t<\/div>\n\t\t<div class=\"elementor-element elementor-element-7087c3a0 e-con-full e-flex e-con e-child\" data-id=\"7087c3a0\" data-element_type=\"container\" data-e-type=\"container\">\n\t\t\t\t<div class=\"elementor-element elementor-element-4f64fd4a elementor-align-left elementor-widget__width-inherit elementor-widget elementor-widget-button\" data-id=\"4f64fd4a\" data-element_type=\"widget\" data-e-type=\"widget\" data-widget_type=\"button.default\">\n\t\t\t\t\t\t\t\t\t\t<a class=\"elementor-button elementor-button-link elementor-size-sm\" href=\"https:\/\/mokafad.ca\/index.php\/inscription-a-la-formation-gestion-et-implementation-des-solutions-ia\/\">\n\t\t\t\t\t\t<span class=\"elementor-button-content-wrapper\">\n\t\t\t\t\t\t\t\t\t<span class=\"elementor-button-text\">S'inscrire<\/span>\n\t\t\t\t\t<\/span>\n\t\t\t\t\t<\/a>\n\t\t\t\t\t\t\t\t<\/div>\n\t\t\t\t<\/div>\n\t\t\t\t<\/div>\n\t\t\t\t<\/div>\n\t\t<div class=\"elementor-element elementor-element-7d2da640 e-con-full e-flex e-con e-parent\" data-id=\"7d2da640\" data-element_type=\"container\" data-e-type=\"container\">\n\t\t<div class=\"elementor-element elementor-element-359adc28 e-con-full e-flex e-con e-child\" data-id=\"359adc28\" data-element_type=\"container\" data-e-type=\"container\">\n\t\t<div class=\"elementor-element elementor-element-87242bc e-con-full e-flex e-con e-child\" data-id=\"87242bc\" data-element_type=\"container\" data-e-type=\"container\">\n\t\t\t\t<div class=\"elementor-element elementor-element-6e4d8c85 elementor-widget elementor-widget-heading\" data-id=\"6e4d8c85\" data-element_type=\"widget\" data-e-type=\"widget\" data-widget_type=\"heading.default\">\n\t\t\t\t\t<h2 class=\"elementor-heading-title elementor-size-default\">Pourquoi cette formation ?<\/h2>\t\t\t\t<\/div>\n\t\t\t\t<\/div>\n\t\t<div class=\"elementor-element elementor-element-1c700018 e-con-full e-flex e-con e-child\" data-id=\"1c700018\" data-element_type=\"container\" data-e-type=\"container\">\n\t\t\t\t<div class=\"elementor-element elementor-element-6d16b95 elementor-widget elementor-widget-text-editor\" data-id=\"6d16b95\" data-element_type=\"widget\" data-e-type=\"widget\" data-widget_type=\"text-editor.default\">\n\t\t\t\t\t\t\t\t\t<p>Cette formation permet de structurer et piloter des projets d\u2019intelligence artificielle de mani\u00e8re responsable, efficace et align\u00e9e sur les objectifs de l\u2019organisation.<br data-start=\"310\" data-end=\"313\" \/>Elle aide \u00e0 transformer l\u2019IA en un levier concret de performance, de prise de d\u00e9cision et d\u2019am\u00e9lioration des services<\/p><p>Elle s\u2019adresse \u00e0 toute entreprise qui souhaite implanter l\u2019IA responsable.<\/p><div class=\"elementor-element elementor-element-9e897e1 e-con-full e-flex e-con e-parent e-lazyloaded\" data-id=\"9e897e1\" data-element_type=\"container\"><div class=\"elementor-element elementor-element-5db5466 e-con-full e-flex e-con e-child\" data-id=\"5db5466\" data-element_type=\"container\"><div class=\"elementor-element elementor-element-d29c302 elementor-widget elementor-widget-text-editor\" data-id=\"d29c302\" data-element_type=\"widget\" data-widget_type=\"text-editor.default\">\u00a0<\/div><\/div><\/div>\t\t\t\t\t\t\t\t<\/div>\n\t\t\t\t<\/div>\n\t\t\t\t<\/div>\n\t\t\t\t<\/div>\n\t\t<div class=\"elementor-element elementor-element-c61091d e-con-full e-flex e-con e-parent\" data-id=\"c61091d\" data-element_type=\"container\" data-e-type=\"container\">\n\t\t<div class=\"elementor-element elementor-element-4ab10dc e-con-full e-flex e-con e-child\" data-id=\"4ab10dc\" data-element_type=\"container\" data-e-type=\"container\">\n\t\t<div class=\"elementor-element elementor-element-e55e78d e-con-full e-flex e-con e-child\" data-id=\"e55e78d\" data-element_type=\"container\" data-e-type=\"container\">\n\t\t\t\t<div class=\"elementor-element elementor-element-86534a5 elementor-widget elementor-widget-text-editor\" data-id=\"86534a5\" data-element_type=\"widget\" data-e-type=\"widget\" data-widget_type=\"text-editor.default\">\n\t\t\t\t\t\t\t\t\t<style>\n\/* ===== TABLE FORMATION \u2013 GESTION & IMPLANTATION PROJET IA ===== *\/\n.table-mobile-scroll {\n  width: 100%;\n  overflow-x: auto;\n  -webkit-overflow-scrolling: touch;\n}\n\n.table-mobile-scroll table {\n  min-width: 900px; \/* emp\u00eache l\u2019\u00e9crasement sur mobile *\/\n}\n\n\/* Ajustement mobile *\/\n@media (max-width: 768px) {\n  .table-mobile-scroll {\n    margin-left: -16px;\n    margin-right: -16px;\n    padding-left: 16px;\n    padding-right: 16px;\n  }\n}\n\n.formation-table {\n  width: 100%;\n  border-collapse: separate;\n  border-spacing: 0;\n  background-color: #ffffff;\n  border-radius: 16px;\n  overflow: hidden;\n  box-shadow: 0 14px 36px rgba(0, 0, 0, 0.07);\n  font-family: inherit;\n}\n\n\/* En-t\u00eate colonnes *\/\n.formation-table thead th {\n  background-color: #ffffff;\n  color: #0B2A4A;\n  text-align: left;\n  padding: 40px 46px;\n  font-size: 30px;\n  font-weight: 700;\n  border-bottom: 2px solid #e5e7eb;\n}\n\n\/* Cellules *\/\n.formation-table tbody td {\n  padding: 40px 46px;\n  font-size: 22px;\n  line-height: 1.9;\n  color: #1f2933;\n  vertical-align: top;\n}\n\n\/* Colonne Modules *\/\n.formation-table td.module {\n  font-weight: 700;\n  font-size: 24px;\n  color: #0B2A4A;\n  width: 35%;\n}\n\n\/* Alternance lignes *\/\n.formation-table tbody tr:nth-child(odd) {\n  background-color: #f8fafc;\n}\n\n.formation-table tbody tr:nth-child(even) {\n  background-color: #ffffff;\n}\n<\/style>\n\n<div class=\"table-mobile-scroll\">\n  <table class=\"formation-table\">\n    <thead>\n      <tr>\n        <th>Modules<\/th>\n        <th>Objectifs<\/th>\n      <\/tr>\n    <\/thead>\n    <tbody>\n      <tr>\n        <td class=\"module\">Comprendre l\u2019IA appliqu\u00e9e aux organisations<\/td>\n        <td>Acqu\u00e9rir une vision claire et concr\u00e8te du fonctionnement de l\u2019intelligence artificielle et de ses usages r\u00e9els en entreprise.<\/td>\n      <\/tr>\n      <tr>\n        <td class=\"module\">\u00c9valuer la pertinence d\u2019un projet IA<\/td>\n        <td>Identifier les opportunit\u00e9s, les risques, les co\u00fbts et les enjeux strat\u00e9giques li\u00e9s \u00e0 un projet d\u2019intelligence artificielle.<\/td>\n      <\/tr>\n      <tr>\n        <td class=\"module\">Structurer une d\u00e9marche IA efficace<\/td>\n        <td>Passer d\u2019une id\u00e9e ou d\u2019un besoin m\u00e9tier \u00e0 un plan d\u2019action structur\u00e9, r\u00e9aliste et align\u00e9 sur les objectifs d\u2019affaires.<\/td>\n      <\/tr>\n      <tr>\n        <td class=\"module\">Piloter l\u2019implantation d\u2019un projet IA<\/td>\n        <td>Comprendre les facteurs cl\u00e9s de succ\u00e8s, les indicateurs de performance et les bonnes pratiques de gouvernance.<\/td>\n      <\/tr>\n      <tr>\n        <td class=\"module\">Assurer la rentabilit\u00e9 et l\u2019adoption<\/td>\n        <td>S\u00e9lectionner les bons cas d\u2019usage et favoriser l\u2019adh\u00e9sion des \u00e9quipes afin de maximiser la valeur cr\u00e9\u00e9e.<\/td>\n      <\/tr>\n      <tr>\n        <td class=\"module\">D\u00e9ployer une solution IA<\/td>\n        <td>Ma\u00eetriser les grandes \u00e9tapes menant au d\u00e9ploiement op\u00e9rationnel d\u2019une solution d\u2019intelligence artificielle.<\/td>\n      <\/tr>\n    <\/tbody>\n  <\/table>\n<\/div>\n\t\t\t\t\t\t\t\t<\/div>\n\t\t\t\t<\/div>\n\t\t\t\t<\/div>\n\t\t\t\t<\/div>\n\t\t<div class=\"elementor-element elementor-element-8c31b25 e-flex e-con-boxed e-con e-parent\" data-id=\"8c31b25\" data-element_type=\"container\" data-e-type=\"container\">\n\t\t\t\t\t<div class=\"e-con-inner\">\n\t\t<div class=\"elementor-element elementor-element-d20236d e-con-full e-flex e-con e-child\" data-id=\"d20236d\" data-element_type=\"container\" data-e-type=\"container\">\n\t\t<div class=\"elementor-element elementor-element-cba77be e-con-full e-flex e-con e-child\" data-id=\"cba77be\" data-element_type=\"container\" data-e-type=\"container\">\n\t\t\t\t<div class=\"elementor-element elementor-element-02ec96f elementor-widget elementor-widget-text-editor\" data-id=\"02ec96f\" data-element_type=\"widget\" data-e-type=\"widget\" data-widget_type=\"text-editor.default\">\n\t\t\t\t\t\t\t\t\t<h1 data-start=\"125\" data-end=\"193\">Pr\u00eat \u00e0 d\u00e9velopper vos comp\u00e9tences en intelligence artificielle ?<\/h1><p data-start=\"195\" data-end=\"342\">Formation accessible \u00e0 tous, <strong data-start=\"224\" data-end=\"252\">sans pr\u00e9requis technique<\/strong>, con\u00e7ue pour une compr\u00e9hension claire et des usages responsables en milieu professionnel.<\/p>\t\t\t\t\t\t\t\t<\/div>\n\t\t\t\t<\/div>\n\t\t\t\t<div class=\"elementor-element elementor-element-78dffcc elementor-align-justify elementor-widget__width-initial elementor-widget-mobile__width-initial elementor-widget elementor-widget-button\" data-id=\"78dffcc\" data-element_type=\"widget\" data-e-type=\"widget\" data-widget_type=\"button.default\">\n\t\t\t\t\t\t\t\t\t\t<a class=\"elementor-button elementor-button-link elementor-size-sm\" href=\"https:\/\/mokafad.ca\/index.php\/inscription-a-la-formation-gestion-et-implementation-des-solutions-ia\/\">\n\t\t\t\t\t\t<span class=\"elementor-button-content-wrapper\">\n\t\t\t\t\t\t\t\t\t<span class=\"elementor-button-text\">Nous joindre<\/span>\n\t\t\t\t\t<\/span>\n\t\t\t\t\t<\/a>\n\t\t\t\t\t\t\t\t<\/div>\n\t\t\t\t<\/div>\n\t\t\t\t\t<\/div>\n\t\t\t\t<\/div>\n\t\t<div class=\"elementor-element elementor-element-beda462 e-flex e-con-boxed e-con e-parent\" data-id=\"beda462\" data-element_type=\"container\" data-e-type=\"container\" data-settings=\"{&quot;background_background&quot;:&quot;classic&quot;}\">\n\t\t\t\t\t<div class=\"e-con-inner\">\n\t\t<div class=\"elementor-element elementor-element-5b043fbf e-con-full e-flex e-con e-child\" data-id=\"5b043fbf\" data-element_type=\"container\" data-e-type=\"container\">\n\t\t<div class=\"elementor-element elementor-element-168abef5 e-con-full e-flex e-con e-child\" data-id=\"168abef5\" data-element_type=\"container\" data-e-type=\"container\">\n\t\t<div class=\"elementor-element elementor-element-4944583c e-con-full e-flex e-con e-child\" data-id=\"4944583c\" data-element_type=\"container\" data-e-type=\"container\">\n\t\t\t\t<div class=\"elementor-element elementor-element-4593f03c elementor-widget elementor-widget-heading\" data-id=\"4593f03c\" data-element_type=\"widget\" data-e-type=\"widget\" data-widget_type=\"heading.default\">\n\t\t\t\t\t<h2 class=\"elementor-heading-title elementor-size-default\">Mokafad<\/h2>\t\t\t\t<\/div>\n\t\t\t\t<div class=\"elementor-element elementor-element-4903dead elementor-widget elementor-widget-text-editor\" data-id=\"4903dead\" data-element_type=\"widget\" data-e-type=\"widget\" data-widget_type=\"text-editor.default\">\n\t\t\t\t\t\t\t\t\t<p>Votre partenaire technologique pour une transformation num\u00e9rique reussie<\/p>\t\t\t\t\t\t\t\t<\/div>\n\t\t<div class=\"elementor-element elementor-element-4d1a4192 e-con-full e-flex e-con e-child\" data-id=\"4d1a4192\" data-element_type=\"container\" data-e-type=\"container\">\n\t\t<div class=\"elementor-element elementor-element-6a3cc69b e-con-full e-flex e-con e-child\" data-id=\"6a3cc69b\" data-element_type=\"container\" data-e-type=\"container\" data-settings=\"{&quot;background_background&quot;:&quot;classic&quot;}\">\n\t\t\t\t<div class=\"elementor-element elementor-element-13b9a4d5 elementor-view-default elementor-widget elementor-widget-icon\" data-id=\"13b9a4d5\" data-element_type=\"widget\" data-e-type=\"widget\" data-widget_type=\"icon.default\">\n\t\t\t\t\t\t\t<div class=\"elementor-icon-wrapper\">\n\t\t\t<a class=\"elementor-icon\" href=\"https:\/\/www.linkedin.com\/company\/mokafad\/?viewAsMember=true\" target=\"_blank\" rel=\"noopener\">\n\t\t\t<svg aria-hidden=\"true\" class=\"e-font-icon-svg e-fab-linkedin\" viewBox=\"0 0 448 512\" xmlns=\"http:\/\/www.w3.org\/2000\/svg\"><path d=\"M416 32H31.9C14.3 32 0 46.5 0 64.3v383.4C0 465.5 14.3 480 31.9 480H416c17.6 0 32-14.5 32-32.3V64.3c0-17.8-14.4-32.3-32-32.3zM135.4 416H69V202.2h66.5V416zm-33.2-243c-21.3 0-38.5-17.3-38.5-38.5S80.9 96 102.2 96c21.2 0 38.5 17.3 38.5 38.5 0 21.3-17.2 38.5-38.5 38.5zm282.1 243h-66.4V312c0-24.8-.5-56.7-34.5-56.7-34.6 0-39.9 27-39.9 54.9V416h-66.4V202.2h63.7v29.2h.9c8.9-16.8 30.6-34.5 62.9-34.5 67.2 0 79.7 44.3 79.7 101.9V416z\"><\/path><\/svg>\t\t\t<\/a>\n\t\t<\/div>\n\t\t\t\t\t\t<\/div>\n\t\t\t\t<\/div>\n\t\t<div class=\"elementor-element elementor-element-1aa97883 e-con-full e-flex e-con e-child\" data-id=\"1aa97883\" data-element_type=\"container\" data-e-type=\"container\" data-settings=\"{&quot;background_background&quot;:&quot;classic&quot;}\">\n\t\t\t\t<div class=\"elementor-element elementor-element-e994c72 elementor-view-default elementor-widget elementor-widget-icon\" data-id=\"e994c72\" data-element_type=\"widget\" data-e-type=\"widget\" data-widget_type=\"icon.default\">\n\t\t\t\t\t\t\t<div class=\"elementor-icon-wrapper\">\n\t\t\t<a class=\"elementor-icon\" href=\"https:\/\/www.facebook.com\/profile.php?id=61585873146529\" target=\"_blank\" rel=\"noopener\">\n\t\t\t<svg aria-hidden=\"true\" class=\"e-font-icon-svg e-fab-facebook\" viewBox=\"0 0 512 512\" xmlns=\"http:\/\/www.w3.org\/2000\/svg\"><path d=\"M504 256C504 119 393 8 256 8S8 119 8 256c0 123.78 90.69 226.38 209.25 245V327.69h-63V256h63v-54.64c0-62.15 37-96.48 93.67-96.48 27.14 0 55.52 4.84 55.52 4.84v61h-31.28c-30.8 0-40.41 19.12-40.41 38.73V256h68.78l-11 71.69h-57.78V501C413.31 482.38 504 379.78 504 256z\"><\/path><\/svg>\t\t\t<\/a>\n\t\t<\/div>\n\t\t\t\t\t\t<\/div>\n\t\t\t\t<\/div>\n\t\t\t\t<\/div>\n\t\t\t\t<\/div>\n\t\t<div class=\"elementor-element elementor-element-79109f77 e-con-full e-flex e-con e-child\" data-id=\"79109f77\" data-element_type=\"container\" data-e-type=\"container\">\n\t\t\t\t<div class=\"elementor-element elementor-element-172da933 elementor-widget elementor-widget-heading\" data-id=\"172da933\" data-element_type=\"widget\" data-e-type=\"widget\" data-widget_type=\"heading.default\">\n\t\t\t\t\t<h2 class=\"elementor-heading-title elementor-size-default\">Services<\/h2>\t\t\t\t<\/div>\n\t\t<div class=\"elementor-element elementor-element-4211d4c4 e-con-full e-flex e-con e-child\" data-id=\"4211d4c4\" data-element_type=\"container\" data-e-type=\"container\">\n\t\t<div class=\"elementor-element elementor-element-18039952 e-con-full e-flex e-con e-child\" data-id=\"18039952\" data-element_type=\"container\" data-e-type=\"container\">\n\t\t\t\t<div class=\"elementor-element elementor-element-47ff996f elementor-widget elementor-widget-text-editor\" data-id=\"47ff996f\" data-element_type=\"widget\" data-e-type=\"widget\" data-widget_type=\"text-editor.default\">\n\t\t\t\t\t\t\t\t\t<p>Automatisation<br \/>Intelligence artificielle<br \/>D\u00e9veloppement logiciel<br \/>Business Intelligence<br \/>Accompagnement et support<\/p>\t\t\t\t\t\t\t\t<\/div>\n\t\t\t\t<\/div>\n\t\t\t\t<\/div>\n\t\t\t\t<\/div>\n\t\t<div class=\"elementor-element elementor-element-8071d05 e-con-full e-flex e-con e-child\" data-id=\"8071d05\" data-element_type=\"container\" data-e-type=\"container\">\n\t\t\t\t<div class=\"elementor-element elementor-element-20db3dbe elementor-widget elementor-widget-heading\" data-id=\"20db3dbe\" data-element_type=\"widget\" data-e-type=\"widget\" data-widget_type=\"heading.default\">\n\t\t\t\t\t<h2 class=\"elementor-heading-title elementor-size-default\">Formations<\/h2>\t\t\t\t<\/div>\n\t\t<div class=\"elementor-element elementor-element-2c8aa287 e-con-full e-flex e-con e-child\" data-id=\"2c8aa287\" data-element_type=\"container\" data-e-type=\"container\">\n\t\t<div class=\"elementor-element elementor-element-1b01b326 e-con-full e-flex e-con e-child\" data-id=\"1b01b326\" data-element_type=\"container\" data-e-type=\"container\">\n\t\t\t\t<div class=\"elementor-element elementor-element-2bd2aa4a elementor-widget elementor-widget-text-editor\" data-id=\"2bd2aa4a\" data-element_type=\"widget\" data-e-type=\"widget\" data-widget_type=\"text-editor.default\">\n\t\t\t\t\t\t\t\t\t<p class=\"elementor-heading-title elementor-size-default\">D\u00e9mystifier l&rsquo;utilisation de l\u2019IA en entreprise\u00a0<\/p><p class=\"elementor-heading-title elementor-size-default\">Int\u00e9gration de l\u2019IA en entreprise<\/p><p class=\"elementor-heading-title elementor-size-default\">Gestion et impl\u00e9mentation des solutions IA<\/p>\t\t\t\t\t\t\t\t<\/div>\n\t\t\t\t<\/div>\n\t\t\t\t<\/div>\n\t\t\t\t<\/div>\n\t\t<div class=\"elementor-element elementor-element-61ab157e e-con-full e-flex e-con e-child\" data-id=\"61ab157e\" data-element_type=\"container\" data-e-type=\"container\">\n\t\t<div class=\"elementor-element elementor-element-28bc3af3 e-con-full e-flex e-con e-child\" data-id=\"28bc3af3\" data-element_type=\"container\" data-e-type=\"container\">\n\t\t\t\t<div class=\"elementor-element elementor-element-e8be2ed elementor-widget elementor-widget-heading\" data-id=\"e8be2ed\" data-element_type=\"widget\" data-e-type=\"widget\" data-widget_type=\"heading.default\">\n\t\t\t\t\t<h2 class=\"elementor-heading-title elementor-size-default\">Contact<\/h2>\t\t\t\t<\/div>\n\t\t\t\t<\/div>\n\t\t<div class=\"elementor-element elementor-element-58fa7343 e-con-full e-flex e-con e-child\" data-id=\"58fa7343\" data-element_type=\"container\" data-e-type=\"container\">\n\t\t<div class=\"elementor-element elementor-element-622beb69 e-con-full e-flex e-con e-child\" data-id=\"622beb69\" data-element_type=\"container\" data-e-type=\"container\">\n\t\t\t\t<div class=\"elementor-element elementor-element-711030ea elementor-view-default elementor-widget elementor-widget-icon\" data-id=\"711030ea\" data-element_type=\"widget\" data-e-type=\"widget\" data-widget_type=\"icon.default\">\n\t\t\t\t\t\t\t<div class=\"elementor-icon-wrapper\">\n\t\t\t<div class=\"elementor-icon\">\n\t\t\t<svg aria-hidden=\"true\" class=\"e-font-icon-svg e-fas-map-marker-alt\" viewBox=\"0 0 384 512\" xmlns=\"http:\/\/www.w3.org\/2000\/svg\"><path d=\"M172.268 501.67C26.97 291.031 0 269.413 0 192 0 85.961 85.961 0 192 0s192 85.961 192 192c0 77.413-26.97 99.031-172.268 309.67-9.535 13.774-29.93 13.773-39.464 0zM192 272c44.183 0 80-35.817 80-80s-35.817-80-80-80-80 35.817-80 80 35.817 80 80 80z\"><\/path><\/svg>\t\t\t<\/div>\n\t\t<\/div>\n\t\t\t\t\t\t<\/div>\n\t\t\t\t<\/div>\n\t\t\t\t<div class=\"elementor-element elementor-element-ec1430f elementor-widget elementor-widget-text-editor\" data-id=\"ec1430f\" data-element_type=\"widget\" data-e-type=\"widget\" data-widget_type=\"text-editor.default\">\n\t\t\t\t\t\t\t\t\t<p>Ch\u00e2teauguay, QC, Canada<\/p>\t\t\t\t\t\t\t\t<\/div>\n\t\t\t\t<\/div>\n\t\t<div class=\"elementor-element elementor-element-51b22295 e-con-full e-flex e-con e-child\" data-id=\"51b22295\" data-element_type=\"container\" data-e-type=\"container\">\n\t\t<div class=\"elementor-element elementor-element-172d735 e-con-full e-flex e-con e-child\" data-id=\"172d735\" data-element_type=\"container\" data-e-type=\"container\">\n\t\t\t\t<div class=\"elementor-element elementor-element-55149ba7 elementor-view-default elementor-widget elementor-widget-icon\" data-id=\"55149ba7\" data-element_type=\"widget\" data-e-type=\"widget\" data-widget_type=\"icon.default\">\n\t\t\t\t\t\t\t<div class=\"elementor-icon-wrapper\">\n\t\t\t<div class=\"elementor-icon\">\n\t\t\t<svg aria-hidden=\"true\" class=\"e-font-icon-svg e-fas-phone-alt\" viewBox=\"0 0 512 512\" xmlns=\"http:\/\/www.w3.org\/2000\/svg\"><path d=\"M497.39 361.8l-112-48a24 24 0 0 0-28 6.9l-49.6 60.6A370.66 370.66 0 0 1 130.6 204.11l60.6-49.6a23.94 23.94 0 0 0 6.9-28l-48-112A24.16 24.16 0 0 0 122.6.61l-104 24A24 24 0 0 0 0 48c0 256.5 207.9 464 464 464a24 24 0 0 0 23.4-18.6l24-104a24.29 24.29 0 0 0-14.01-27.6z\"><\/path><\/svg>\t\t\t<\/div>\n\t\t<\/div>\n\t\t\t\t\t\t<\/div>\n\t\t\t\t<\/div>\n\t\t\t\t<div class=\"elementor-element elementor-element-343dc1ca elementor-widget elementor-widget-text-editor\" data-id=\"343dc1ca\" data-element_type=\"widget\" data-e-type=\"widget\" data-widget_type=\"text-editor.default\">\n\t\t\t\t\t\t\t\t\t<p>+1 (514) 123-4567<\/p>\t\t\t\t\t\t\t\t<\/div>\n\t\t\t\t<\/div>\n\t\t<div class=\"elementor-element elementor-element-e48fbe6 e-con-full e-flex e-con e-child\" data-id=\"e48fbe6\" data-element_type=\"container\" data-e-type=\"container\">\n\t\t<div class=\"elementor-element elementor-element-2f6f5ab9 e-con-full e-flex e-con e-child\" data-id=\"2f6f5ab9\" data-element_type=\"container\" data-e-type=\"container\">\n\t\t\t\t<div class=\"elementor-element elementor-element-59e490ba elementor-view-default elementor-widget elementor-widget-icon\" data-id=\"59e490ba\" data-element_type=\"widget\" data-e-type=\"widget\" data-widget_type=\"icon.default\">\n\t\t\t\t\t\t\t<div class=\"elementor-icon-wrapper\">\n\t\t\t<div class=\"elementor-icon\">\n\t\t\t<svg aria-hidden=\"true\" class=\"e-font-icon-svg e-fas-envelope\" viewBox=\"0 0 512 512\" xmlns=\"http:\/\/www.w3.org\/2000\/svg\"><path d=\"M502.3 190.8c3.9-3.1 9.7-.2 9.7 4.7V400c0 26.5-21.5 48-48 48H48c-26.5 0-48-21.5-48-48V195.6c0-5 5.7-7.8 9.7-4.7 22.4 17.4 52.1 39.5 154.1 113.6 21.1 15.4 56.7 47.8 92.2 47.6 35.7.3 72-32.8 92.3-47.6 102-74.1 131.6-96.3 154-113.7zM256 320c23.2.4 56.6-29.2 73.4-41.4 132.7-96.3 142.8-104.7 173.4-128.7 5.8-4.5 9.2-11.5 9.2-18.9v-19c0-26.5-21.5-48-48-48H48C21.5 64 0 85.5 0 112v19c0 7.4 3.4 14.3 9.2 18.9 30.6 23.9 40.7 32.4 173.4 128.7 16.8 12.2 50.2 41.8 73.4 41.4z\"><\/path><\/svg>\t\t\t<\/div>\n\t\t<\/div>\n\t\t\t\t\t\t<\/div>\n\t\t\t\t<\/div>\n\t\t\t\t<div class=\"elementor-element elementor-element-7ff721ae elementor-widget elementor-widget-text-editor\" data-id=\"7ff721ae\" data-element_type=\"widget\" data-e-type=\"widget\" data-widget_type=\"text-editor.default\">\n\t\t\t\t\t\t\t\t\t<p>contact@mokafad.ca<\/p>\t\t\t\t\t\t\t\t<\/div>\n\t\t\t\t<\/div>\n\t\t\t\t<\/div>\n\t\t<div class=\"elementor-element elementor-element-4d4c948e e-con-full e-flex e-con e-child\" data-id=\"4d4c948e\" data-element_type=\"container\" data-e-type=\"container\">\n\t\t<div class=\"elementor-element elementor-element-1bd904a9 e-con-full e-flex e-con e-child\" data-id=\"1bd904a9\" data-element_type=\"container\" data-e-type=\"container\">\n\t\t\t\t<div class=\"elementor-element elementor-element-35e3e21f elementor-widget__width-inherit elementor-widget elementor-widget-text-editor\" data-id=\"35e3e21f\" data-element_type=\"widget\" data-e-type=\"widget\" data-widget_type=\"text-editor.default\">\n\t\t\t\t\t\t\t\t\t<p>\u00a9 2024 Mokafad. Tous droits r\u00e9serv\u00e9s.<\/p>\t\t\t\t\t\t\t\t<\/div>\n\t\t\t\t<\/div>\n\t\t<div class=\"elementor-element elementor-element-3c2bd8a6 e-con-full e-flex e-con e-child\" data-id=\"3c2bd8a6\" data-element_type=\"container\" data-e-type=\"container\">\n\t\t\t\t<div class=\"elementor-element elementor-element-55895523 elementor-widget__width-initial elementor-widget-mobile__width-initial elementor-widget elementor-widget-text-editor\" data-id=\"55895523\" data-element_type=\"widget\" data-e-type=\"widget\" data-widget_type=\"text-editor.default\">\n\t\t\t\t\t\t\t\t\t<p>Politique de confidentialit\u00e9<\/p>\t\t\t\t\t\t\t\t<\/div>\n\t\t\t\t<div class=\"elementor-element elementor-element-49720648 elementor-widget__width-initial elementor-widget-mobile__width-initial elementor-widget elementor-widget-text-editor\" data-id=\"49720648\" data-element_type=\"widget\" data-e-type=\"widget\" data-widget_type=\"text-editor.default\">\n\t\t\t\t\t\t\t\t\t<p>Conditions d&rsquo;utilisation<\/p>\t\t\t\t\t\t\t\t<\/div>\n\t\t\t\t<\/div>\n\t\t\t\t<\/div>\n\t\t\t\t<\/div>\n\t\t\t\t<\/div>\n\t\t\t\t\t<\/div>\n\t\t\t\t<\/div>\n\t\t\t\t<\/div>\n\t\t","protected":false},"excerpt":{"rendered":"<p>Gestion et implantation de projet IA Une formation structur\u00e9e pour concevoir, piloter et d\u00e9ployer des projets d\u2019intelligence artificielle \u00e0 forte valeur ajout\u00e9e, align\u00e9s sur vos objectifs d\u2019affaire S&rsquo;inscrire Pourquoi cette formation ? Cette formation permet de structurer et piloter des projets d\u2019intelligence artificielle de mani\u00e8re responsable, efficace et align\u00e9e sur les objectifs de l\u2019organisation.Elle aide [&hellip;]<\/p>\n","protected":false},"author":1,"featured_media":0,"parent":48,"menu_order":0,"comment_status":"closed","ping_status":"closed","template":"elementor_header_footer","meta":{"footnotes":""},"class_list":["post-66","page","type-page","status-publish","hentry","entry"],"_links":{"self":[{"href":"https:\/\/mokafad.ca\/index.php\/wp-json\/wp\/v2\/pages\/66","targetHints":{"allow":["GET"]}}],"collection":[{"href":"https:\/\/mokafad.ca\/index.php\/wp-json\/wp\/v2\/pages"}],"about":[{"href":"https:\/\/mokafad.ca\/index.php\/wp-json\/wp\/v2\/types\/page"}],"author":[{"embeddable":true,"href":"https:\/\/mokafad.ca\/index.php\/wp-json\/wp\/v2\/users\/1"}],"replies":[{"embeddable":true,"href":"https:\/\/mokafad.ca\/index.php\/wp-json\/wp\/v2\/comments?post=66"}],"version-history":[{"count":185,"href":"https:\/\/mokafad.ca\/index.php\/wp-json\/wp\/v2\/pages\/66\/revisions"}],"predecessor-version":[{"id":2642,"href":"https:\/\/mokafad.ca\/index.php\/wp-json\/wp\/v2\/pages\/66\/revisions\/2642"}],"up":[{"embeddable":true,"href":"https:\/\/mokafad.ca\/index.php\/wp-json\/wp\/v2\/pages\/48"}],"wp:attachment":[{"href":"https:\/\/mokafad.ca\/index.php\/wp-json\/wp\/v2\/media?parent=66"}],"curies":[{"name":"wp","href":"https:\/\/api.w.org\/{rel}","templated":true}]}}