{"id":70,"date":"2025-12-16T02:53:20","date_gmt":"2025-12-16T02:53:20","guid":{"rendered":"https:\/\/mokafad.ca\/?page_id=70"},"modified":"2026-01-15T07:54:35","modified_gmt":"2026-01-15T07:54:35","slug":"introduction-a-lautomatisation","status":"publish","type":"page","link":"https:\/\/mokafad.ca\/index.php\/formations\/introduction-a-lautomatisation\/","title":{"rendered":"Int\u00e9gration de l\u2019IA en entreprise"},"content":{"rendered":"\t\t<div data-elementor-type=\"wp-page\" data-elementor-id=\"70\" class=\"elementor elementor-70\">\n\t\t\t\t<div class=\"elementor-element elementor-element-52223603 e-con-full e-flex e-con e-parent\" data-id=\"52223603\" data-element_type=\"container\" data-e-type=\"container\" data-settings=\"{&quot;background_background&quot;:&quot;video&quot;,&quot;background_video_link&quot;:&quot;https:\\\/\\\/mokafad.ca\\\/wp-content\\\/uploads\\\/2026\\\/01\\\/20260113_2037_New-Video_simple_compose_01kex2caevfhcvf9yv6m8w2sj9.mp4&quot;}\">\n\t\t<div class=\"elementor-background-video-container elementor-hidden-mobile\">\n\t\t\t\t\t\t\t<video class=\"elementor-background-video-hosted\" role=\"presentation\" autoplay muted playsinline loop><\/video>\n\t\t\t\t\t<\/div><div class=\"elementor-element elementor-element-2ad12f53 e-con-full e-flex e-con e-child\" data-id=\"2ad12f53\" data-element_type=\"container\" data-e-type=\"container\">\n\t\t<div class=\"elementor-element elementor-element-4a62d0e3 e-con-full e-flex e-con e-child\" data-id=\"4a62d0e3\" data-element_type=\"container\" data-e-type=\"container\">\n\t\t\t\t<div class=\"elementor-element elementor-element-7f457671 elementor-widget elementor-widget-heading\" data-id=\"7f457671\" data-element_type=\"widget\" data-e-type=\"widget\" data-widget_type=\"heading.default\">\n\t\t\t\t\t<h2 class=\"elementor-heading-title elementor-size-default\">Int\u00e9gration de l\u2019IA en entreprise<\/h2>\t\t\t\t<\/div>\n\t\t\t\t<\/div>\n\t\t\t\t<div class=\"elementor-element elementor-element-5beb6745 elementor-widget elementor-widget-text-editor\" data-id=\"5beb6745\" data-element_type=\"widget\" data-e-type=\"widget\" data-widget_type=\"text-editor.default\">\n\t\t\t\t\t\t\t\t\t<p>Une formation orient\u00e9e r\u00e9sultats pour structurer l\u2019adoption de l\u2019intelligence artificielle, optimiser les processus internes et soutenir la performance organisationnelle.<\/p>\t\t\t\t\t\t\t\t<\/div>\n\t\t<div class=\"elementor-element elementor-element-2b72810e e-con-full e-flex e-con e-child\" data-id=\"2b72810e\" data-element_type=\"container\" data-e-type=\"container\">\n\t\t\t\t<div class=\"elementor-element elementor-element-1cc961db elementor-align-left elementor-widget__width-inherit elementor-widget elementor-widget-button\" data-id=\"1cc961db\" data-element_type=\"widget\" data-e-type=\"widget\" data-widget_type=\"button.default\">\n\t\t\t\t\t\t\t\t\t\t<a class=\"elementor-button elementor-button-link elementor-size-sm\" href=\"https:\/\/mokafad.ca\/index.php\/inscription-a-la-formation-integration-de-lia-en-entreprise\/\">\n\t\t\t\t\t\t<span class=\"elementor-button-content-wrapper\">\n\t\t\t\t\t\t\t\t\t<span class=\"elementor-button-text\">S'inscrire<\/span>\n\t\t\t\t\t<\/span>\n\t\t\t\t\t<\/a>\n\t\t\t\t\t\t\t\t<\/div>\n\t\t\t\t<\/div>\n\t\t\t\t<\/div>\n\t\t\t\t<\/div>\n\t\t<div class=\"elementor-element elementor-element-8beaa31 e-con-full e-flex e-con e-parent\" data-id=\"8beaa31\" data-element_type=\"container\" data-e-type=\"container\">\n\t\t<div class=\"elementor-element elementor-element-82731a8 e-con-full e-flex e-con e-child\" data-id=\"82731a8\" data-element_type=\"container\" data-e-type=\"container\">\n\t\t<div class=\"elementor-element elementor-element-5856fc2 e-con-full e-flex e-con e-child\" data-id=\"5856fc2\" data-element_type=\"container\" data-e-type=\"container\">\n\t\t\t\t<div class=\"elementor-element elementor-element-e3528de elementor-widget elementor-widget-heading\" data-id=\"e3528de\" data-element_type=\"widget\" data-e-type=\"widget\" data-widget_type=\"heading.default\">\n\t\t\t\t\t<h2 class=\"elementor-heading-title elementor-size-default\">Pourquoi cette formation ?<\/h2>\t\t\t\t<\/div>\n\t\t\t\t<\/div>\n\t\t<div class=\"elementor-element elementor-element-f023945 e-con-full e-flex e-con e-child\" data-id=\"f023945\" data-element_type=\"container\" data-e-type=\"container\">\n\t\t\t\t<div class=\"elementor-element elementor-element-b659ea6 elementor-widget elementor-widget-text-editor\" data-id=\"b659ea6\" data-element_type=\"widget\" data-e-type=\"widget\" data-widget_type=\"text-editor.default\">\n\t\t\t\t\t\t\t\t\t<p>Cette formation a \u00e9t\u00e9 con\u00e7ue pour permettre aux organisations de <strong data-start=\"452\" data-end=\"498\">comprendre l\u2019IA au-del\u00e0 des effets de mode<\/strong>, d\u2019en <strong data-start=\"505\" data-end=\"533\">\u00e9valuer la r\u00e9elle valeur<\/strong> et de <strong data-start=\"540\" data-end=\"624\">structurer des usages responsables, pragmatiques et align\u00e9s avec leurs objectifs<\/strong>.<\/p><p>Elle s\u2019adresse \u00e0 toute entreprise qui souhaite implanter l\u2019IA responsable.<\/p>\t\t\t\t\t\t\t\t<\/div>\n\t\t\t\t<\/div>\n\t\t\t\t<\/div>\n\t\t\t\t<\/div>\n\t\t<div class=\"elementor-element elementor-element-f2d8118 e-con-full e-flex e-con e-parent\" data-id=\"f2d8118\" data-element_type=\"container\" data-e-type=\"container\">\n\t\t<div class=\"elementor-element elementor-element-d2e793e e-con-full e-flex e-con e-child\" data-id=\"d2e793e\" data-element_type=\"container\" data-e-type=\"container\">\n\t\t<div class=\"elementor-element elementor-element-669bf28 e-con-full e-flex e-con e-child\" data-id=\"669bf28\" data-element_type=\"container\" data-e-type=\"container\">\n\t\t\t\t<div class=\"elementor-element elementor-element-61f24da elementor-widget__width-initial elementor-widget-mobile__width-initial elementor-widget elementor-widget-text-editor\" data-id=\"61f24da\" data-element_type=\"widget\" data-e-type=\"widget\" data-widget_type=\"text-editor.default\">\n\t\t\t\t\t\t\t\t\t<style>\n\/* ===== TABLE FORMATION \u2013 STYLE OFFICIEL MOKAFAD (TEXTE XL++) ===== *\/\n.formation-table {\n  width: 100%;\n  border-collapse: separate;\n  border-spacing: 0;\n  background-color: #ffffff;\n  border-radius: 16px;\n  overflow: hidden;\n  box-shadow: 0 14px 36px rgba(0, 0, 0, 0.07);\n  font-family: inherit;\n}\n\n\/* En-t\u00eate colonnes *\/\n.formation-table thead th {\n  background-color: #ffffff;\n  color: #0B2A4A;\n  text-align: left;\n  padding: 40px 46px;\n  font-size: 30px;\n  font-weight: 700;\n  border-bottom: 2px solid #e5e7eb;\n}\n\n\/* Cellules *\/\n.formation-table tbody td {\n  padding: 40px 46px;\n  font-size: 22px;\n  line-height: 1.9;\n  color: #1f2933;\n  vertical-align: top;\n}\n\n\/* Colonne Modules *\/\n.formation-table td.module {\n  font-weight: 700;\n  font-size: 24px;\n  color: #0B2A4A;\n  width: 35%;\n}\n\n\/* Alternance lignes *\/\n.formation-table tbody tr:nth-child(odd) {\n  background-color: #f8fafc;\n}\n\n.formation-table tbody tr:nth-child(even) {\n  background-color: #ffffff;\n}\n\n\/* ===========================\n   RESPONSIVE \u2013 AJUSTEMENTS UNIQUEMENT\n=========================== *\/\n\n\/* Tablette *\/\n@media (max-width: 1024px) {\n  .formation-table thead th,\n  .formation-table tbody td {\n    padding: 28px 30px;\n  }\n\n  .formation-table thead th {\n    font-size: 24px;\n  }\n\n  .formation-table tbody td {\n    font-size: 20px;\n  }\n\n  .formation-table td.module {\n    font-size: 22px;\n    width: 40%;\n  }\n}\n\n\/* Mobile \u2013 correction compl\u00e8te *\/\n@media (max-width: 768px) {\n  .formation-table {\n    width: 100%;\n    table-layout: fixed; \/* emp\u00eache le d\u00e9bordement *\/\n  }\n\n  .formation-table thead th,\n  .formation-table tbody td {\n    padding: 20px 16px;\n    font-size: 18px;\n    word-wrap: break-word;\n    white-space: normal;\n  }\n\n  .formation-table thead th {\n    font-size: 19px;\n  }\n\n  .formation-table td.module {\n    width: 42%;\n    font-size: 19px;\n  }\n}\n<\/style>\n\n<table class=\"formation-table\">\n  <thead>\n    <tr>\n      <th>Modules<\/th>\n      <th>Objectifs<\/th>\n    <\/tr>\n  <\/thead>\n  <tbody>\n    <tr>\n      <td class=\"module\">Comprendre l\u2019IA appliqu\u00e9e aux organisations<\/td>\n      <td>Acqu\u00e9rir une vision claire et concr\u00e8te du fonctionnement de l\u2019intelligence artificielle et de ses usages r\u00e9els en entreprise.<\/td>\n    <\/tr>\n    <tr>\n      <td class=\"module\">\u00c9valuer la pertinence d\u2019un projet IA<\/td>\n      <td>Identifier les opportunit\u00e9s, les risques, les co\u00fbts et les enjeux strat\u00e9giques li\u00e9s \u00e0 un projet d\u2019intelligence artificielle.<\/td>\n    <\/tr>\n    <tr>\n      <td class=\"module\">Structurer une d\u00e9marche IA efficace<\/td>\n      <td>Passer d\u2019une id\u00e9e ou d\u2019un besoin m\u00e9tier \u00e0 un plan d\u2019action structur\u00e9, r\u00e9aliste et align\u00e9 sur les objectifs d\u2019affaires.<\/td>\n    <\/tr>\n    <tr>\n      <td class=\"module\">Piloter l\u2019implantation d\u2019un projet IA<\/td>\n      <td>Comprendre les facteurs cl\u00e9s de succ\u00e8s, les indicateurs de performance et les bonnes pratiques de gouvernance.<\/td>\n    <\/tr>\n    <tr>\n      <td class=\"module\">Assurer la rentabilit\u00e9 et l\u2019adoption<\/td>\n      <td>S\u00e9lectionner les bons cas d\u2019usage et favoriser l\u2019adh\u00e9sion des \u00e9quipes afin de maximiser la valeur cr\u00e9\u00e9e.<\/td>\n    <\/tr>\n    <tr>\n      <td class=\"module\">D\u00e9ployer une solution IA<\/td>\n      <td>Ma\u00eetriser les grandes \u00e9tapes menant au d\u00e9ploiement op\u00e9rationnel d\u2019une solution d\u2019intelligence artificielle.<\/td>\n    <\/tr>\n  <\/tbody>\n<\/table>\n\t\t\t\t\t\t\t\t<\/div>\n\t\t\t\t<\/div>\n\t\t\t\t<\/div>\n\t\t\t\t<\/div>\n\t\t<div class=\"elementor-element elementor-element-39fc3f7e e-con-full e-flex e-con e-parent\" data-id=\"39fc3f7e\" data-element_type=\"container\" data-e-type=\"container\" data-settings=\"{&quot;background_background&quot;:&quot;classic&quot;}\">\n\t\t<div class=\"elementor-element elementor-element-5f879ff e-con-full e-flex e-con e-child\" data-id=\"5f879ff\" data-element_type=\"container\" data-e-type=\"container\">\n\t\t\t\t<div class=\"elementor-element elementor-element-93a4537 elementor-widget__width-initial elementor-widget elementor-widget-text-editor\" data-id=\"93a4537\" data-element_type=\"widget\" data-e-type=\"widget\" data-widget_type=\"text-editor.default\">\n\t\t\t\t\t\t\t\t\t<h1 data-start=\"125\" data-end=\"193\">Pr\u00eat \u00e0 d\u00e9velopper vos comp\u00e9tences en intelligence artificielle ?<\/h1><p data-start=\"195\" data-end=\"342\">Formation accessible \u00e0 tous, <strong data-start=\"224\" data-end=\"252\">sans pr\u00e9requis technique<\/strong>, con\u00e7ue pour une compr\u00e9hension claire et des usages responsables en milieu professionnel.<\/p>\t\t\t\t\t\t\t\t<\/div>\n\t\t\t\t<div class=\"elementor-element elementor-element-3b6733ca elementor-align-justify elementor-widget__width-initial elementor-widget-mobile__width-initial elementor-widget elementor-widget-button\" data-id=\"3b6733ca\" data-element_type=\"widget\" data-e-type=\"widget\" data-widget_type=\"button.default\">\n\t\t\t\t\t\t\t\t\t\t<a class=\"elementor-button elementor-button-link elementor-size-sm\" href=\"https:\/\/mokafad.ca\/index.php\/inscription-a-la-formation-integration-de-lia-en-entreprise\/\">\n\t\t\t\t\t\t<span class=\"elementor-button-content-wrapper\">\n\t\t\t\t\t\t\t\t\t<span class=\"elementor-button-text\">Nous joindre<\/span>\n\t\t\t\t\t<\/span>\n\t\t\t\t\t<\/a>\n\t\t\t\t\t\t\t\t<\/div>\n\t\t\t\t<\/div>\n\t\t\t\t<\/div>\n\t\t<div class=\"elementor-element elementor-element-783cbff6 e-flex e-con-boxed e-con e-parent\" data-id=\"783cbff6\" data-element_type=\"container\" data-e-type=\"container\" data-settings=\"{&quot;background_background&quot;:&quot;classic&quot;}\">\n\t\t\t\t\t<div class=\"e-con-inner\">\n\t\t<div class=\"elementor-element elementor-element-3eb0c194 e-con-full e-flex e-con e-child\" data-id=\"3eb0c194\" data-element_type=\"container\" data-e-type=\"container\">\n\t\t<div class=\"elementor-element elementor-element-308d30bf e-con-full e-flex e-con e-child\" data-id=\"308d30bf\" data-element_type=\"container\" data-e-type=\"container\">\n\t\t<div class=\"elementor-element elementor-element-3ce8f915 e-con-full e-flex e-con e-child\" data-id=\"3ce8f915\" data-element_type=\"container\" data-e-type=\"container\">\n\t\t\t\t<div class=\"elementor-element elementor-element-45e5fc4f elementor-widget elementor-widget-heading\" data-id=\"45e5fc4f\" data-element_type=\"widget\" data-e-type=\"widget\" data-widget_type=\"heading.default\">\n\t\t\t\t\t<h2 class=\"elementor-heading-title elementor-size-default\">Mokafad<\/h2>\t\t\t\t<\/div>\n\t\t\t\t<div class=\"elementor-element elementor-element-497966b8 elementor-widget elementor-widget-text-editor\" data-id=\"497966b8\" data-element_type=\"widget\" data-e-type=\"widget\" data-widget_type=\"text-editor.default\">\n\t\t\t\t\t\t\t\t\t<p>Votre partenaire technologique pour une transformation num\u00e9rique reussie<\/p>\t\t\t\t\t\t\t\t<\/div>\n\t\t<div class=\"elementor-element elementor-element-212e073b e-con-full e-flex e-con e-child\" data-id=\"212e073b\" data-element_type=\"container\" data-e-type=\"container\">\n\t\t<div class=\"elementor-element elementor-element-1fa9f2fc e-con-full e-flex e-con e-child\" data-id=\"1fa9f2fc\" data-element_type=\"container\" data-e-type=\"container\" data-settings=\"{&quot;background_background&quot;:&quot;classic&quot;}\">\n\t\t\t\t<div class=\"elementor-element elementor-element-5f33f09c elementor-view-default elementor-widget elementor-widget-icon\" data-id=\"5f33f09c\" data-element_type=\"widget\" data-e-type=\"widget\" data-widget_type=\"icon.default\">\n\t\t\t\t\t\t\t<div class=\"elementor-icon-wrapper\">\n\t\t\t<a class=\"elementor-icon\" href=\"https:\/\/www.linkedin.com\/company\/mokafad\/?viewAsMember=true\" target=\"_blank\" rel=\"noopener\">\n\t\t\t<svg aria-hidden=\"true\" class=\"e-font-icon-svg e-fab-linkedin\" viewBox=\"0 0 448 512\" xmlns=\"http:\/\/www.w3.org\/2000\/svg\"><path d=\"M416 32H31.9C14.3 32 0 46.5 0 64.3v383.4C0 465.5 14.3 480 31.9 480H416c17.6 0 32-14.5 32-32.3V64.3c0-17.8-14.4-32.3-32-32.3zM135.4 416H69V202.2h66.5V416zm-33.2-243c-21.3 0-38.5-17.3-38.5-38.5S80.9 96 102.2 96c21.2 0 38.5 17.3 38.5 38.5 0 21.3-17.2 38.5-38.5 38.5zm282.1 243h-66.4V312c0-24.8-.5-56.7-34.5-56.7-34.6 0-39.9 27-39.9 54.9V416h-66.4V202.2h63.7v29.2h.9c8.9-16.8 30.6-34.5 62.9-34.5 67.2 0 79.7 44.3 79.7 101.9V416z\"><\/path><\/svg>\t\t\t<\/a>\n\t\t<\/div>\n\t\t\t\t\t\t<\/div>\n\t\t\t\t<\/div>\n\t\t<div class=\"elementor-element elementor-element-67dea047 e-con-full e-flex e-con e-child\" data-id=\"67dea047\" data-element_type=\"container\" data-e-type=\"container\" data-settings=\"{&quot;background_background&quot;:&quot;classic&quot;}\">\n\t\t\t\t<div class=\"elementor-element elementor-element-7d5f8418 elementor-view-default elementor-widget elementor-widget-icon\" data-id=\"7d5f8418\" data-element_type=\"widget\" data-e-type=\"widget\" data-widget_type=\"icon.default\">\n\t\t\t\t\t\t\t<div class=\"elementor-icon-wrapper\">\n\t\t\t<a class=\"elementor-icon\" href=\"https:\/\/www.facebook.com\/profile.php?id=61585873146529\" target=\"_blank\" rel=\"noopener\">\n\t\t\t<svg aria-hidden=\"true\" class=\"e-font-icon-svg e-fab-facebook\" viewBox=\"0 0 512 512\" xmlns=\"http:\/\/www.w3.org\/2000\/svg\"><path d=\"M504 256C504 119 393 8 256 8S8 119 8 256c0 123.78 90.69 226.38 209.25 245V327.69h-63V256h63v-54.64c0-62.15 37-96.48 93.67-96.48 27.14 0 55.52 4.84 55.52 4.84v61h-31.28c-30.8 0-40.41 19.12-40.41 38.73V256h68.78l-11 71.69h-57.78V501C413.31 482.38 504 379.78 504 256z\"><\/path><\/svg>\t\t\t<\/a>\n\t\t<\/div>\n\t\t\t\t\t\t<\/div>\n\t\t\t\t<\/div>\n\t\t\t\t<\/div>\n\t\t\t\t<\/div>\n\t\t<div class=\"elementor-element elementor-element-2361ccf6 e-con-full e-flex e-con e-child\" data-id=\"2361ccf6\" data-element_type=\"container\" data-e-type=\"container\">\n\t\t\t\t<div class=\"elementor-element elementor-element-e138756 elementor-widget elementor-widget-heading\" data-id=\"e138756\" data-element_type=\"widget\" data-e-type=\"widget\" data-widget_type=\"heading.default\">\n\t\t\t\t\t<h2 class=\"elementor-heading-title elementor-size-default\">Services<\/h2>\t\t\t\t<\/div>\n\t\t<div class=\"elementor-element elementor-element-1f717e06 e-con-full e-flex e-con e-child\" data-id=\"1f717e06\" data-element_type=\"container\" data-e-type=\"container\">\n\t\t<div class=\"elementor-element elementor-element-763466b6 e-con-full e-flex e-con e-child\" data-id=\"763466b6\" data-element_type=\"container\" data-e-type=\"container\">\n\t\t\t\t<div class=\"elementor-element elementor-element-6d387603 elementor-widget elementor-widget-text-editor\" data-id=\"6d387603\" data-element_type=\"widget\" data-e-type=\"widget\" data-widget_type=\"text-editor.default\">\n\t\t\t\t\t\t\t\t\t<p>Automatisation<br \/>Intelligence artificielle<br \/>D\u00e9veloppement logiciel<br \/>Business Intelligence<br \/>Accompagnement et support<\/p>\t\t\t\t\t\t\t\t<\/div>\n\t\t\t\t<\/div>\n\t\t\t\t<\/div>\n\t\t\t\t<\/div>\n\t\t<div class=\"elementor-element elementor-element-1248bcc1 e-con-full e-flex e-con e-child\" data-id=\"1248bcc1\" data-element_type=\"container\" data-e-type=\"container\">\n\t\t\t\t<div class=\"elementor-element elementor-element-732244ed elementor-widget elementor-widget-heading\" data-id=\"732244ed\" data-element_type=\"widget\" data-e-type=\"widget\" data-widget_type=\"heading.default\">\n\t\t\t\t\t<h2 class=\"elementor-heading-title elementor-size-default\">Formations<\/h2>\t\t\t\t<\/div>\n\t\t<div class=\"elementor-element elementor-element-58b8a9dd e-con-full e-flex e-con e-child\" data-id=\"58b8a9dd\" data-element_type=\"container\" data-e-type=\"container\">\n\t\t<div class=\"elementor-element elementor-element-7e76f3c7 e-con-full e-flex e-con e-child\" data-id=\"7e76f3c7\" data-element_type=\"container\" data-e-type=\"container\">\n\t\t\t\t<div class=\"elementor-element elementor-element-40f9959d elementor-widget elementor-widget-text-editor\" data-id=\"40f9959d\" data-element_type=\"widget\" data-e-type=\"widget\" data-widget_type=\"text-editor.default\">\n\t\t\t\t\t\t\t\t\t<p class=\"elementor-heading-title elementor-size-default\">D\u00e9mystifier l&rsquo;utilisation de l\u2019IA en entreprise\u00a0<\/p><p class=\"elementor-heading-title elementor-size-default\">Int\u00e9gration de l\u2019IA en entreprise<\/p><p class=\"elementor-heading-title elementor-size-default\">Gestion et impl\u00e9mentation des solutions IA<\/p>\t\t\t\t\t\t\t\t<\/div>\n\t\t\t\t<\/div>\n\t\t\t\t<\/div>\n\t\t\t\t<\/div>\n\t\t<div class=\"elementor-element elementor-element-4946a71b e-con-full e-flex e-con e-child\" data-id=\"4946a71b\" data-element_type=\"container\" data-e-type=\"container\">\n\t\t<div class=\"elementor-element elementor-element-6d6accfe e-con-full e-flex e-con e-child\" data-id=\"6d6accfe\" data-element_type=\"container\" data-e-type=\"container\">\n\t\t\t\t<div class=\"elementor-element elementor-element-f8233f6 elementor-widget elementor-widget-heading\" data-id=\"f8233f6\" data-element_type=\"widget\" data-e-type=\"widget\" data-widget_type=\"heading.default\">\n\t\t\t\t\t<h2 class=\"elementor-heading-title elementor-size-default\">Contact<\/h2>\t\t\t\t<\/div>\n\t\t\t\t<\/div>\n\t\t<div class=\"elementor-element elementor-element-72569eb9 e-con-full e-flex e-con e-child\" data-id=\"72569eb9\" data-element_type=\"container\" data-e-type=\"container\">\n\t\t<div class=\"elementor-element elementor-element-7a9825d2 e-con-full e-flex e-con e-child\" data-id=\"7a9825d2\" data-element_type=\"container\" data-e-type=\"container\">\n\t\t\t\t<div class=\"elementor-element elementor-element-6ebf6c9e elementor-view-default elementor-widget elementor-widget-icon\" data-id=\"6ebf6c9e\" data-element_type=\"widget\" data-e-type=\"widget\" data-widget_type=\"icon.default\">\n\t\t\t\t\t\t\t<div class=\"elementor-icon-wrapper\">\n\t\t\t<div class=\"elementor-icon\">\n\t\t\t<svg aria-hidden=\"true\" class=\"e-font-icon-svg e-fas-map-marker-alt\" viewBox=\"0 0 384 512\" xmlns=\"http:\/\/www.w3.org\/2000\/svg\"><path d=\"M172.268 501.67C26.97 291.031 0 269.413 0 192 0 85.961 85.961 0 192 0s192 85.961 192 192c0 77.413-26.97 99.031-172.268 309.67-9.535 13.774-29.93 13.773-39.464 0zM192 272c44.183 0 80-35.817 80-80s-35.817-80-80-80-80 35.817-80 80 35.817 80 80 80z\"><\/path><\/svg>\t\t\t<\/div>\n\t\t<\/div>\n\t\t\t\t\t\t<\/div>\n\t\t\t\t<\/div>\n\t\t\t\t<div class=\"elementor-element elementor-element-588fd2e6 elementor-widget elementor-widget-text-editor\" data-id=\"588fd2e6\" data-element_type=\"widget\" data-e-type=\"widget\" data-widget_type=\"text-editor.default\">\n\t\t\t\t\t\t\t\t\t<p>Ch\u00e2teauguay, QC, Canada<\/p>\t\t\t\t\t\t\t\t<\/div>\n\t\t\t\t<\/div>\n\t\t<div class=\"elementor-element elementor-element-7b34fb32 e-con-full e-flex e-con e-child\" data-id=\"7b34fb32\" data-element_type=\"container\" data-e-type=\"container\">\n\t\t<div class=\"elementor-element elementor-element-3b3001a9 e-con-full e-flex e-con e-child\" data-id=\"3b3001a9\" data-element_type=\"container\" data-e-type=\"container\">\n\t\t\t\t<div class=\"elementor-element elementor-element-1ee3fea elementor-view-default elementor-widget elementor-widget-icon\" data-id=\"1ee3fea\" data-element_type=\"widget\" data-e-type=\"widget\" data-widget_type=\"icon.default\">\n\t\t\t\t\t\t\t<div class=\"elementor-icon-wrapper\">\n\t\t\t<div class=\"elementor-icon\">\n\t\t\t<svg aria-hidden=\"true\" class=\"e-font-icon-svg e-fas-phone-alt\" viewBox=\"0 0 512 512\" xmlns=\"http:\/\/www.w3.org\/2000\/svg\"><path d=\"M497.39 361.8l-112-48a24 24 0 0 0-28 6.9l-49.6 60.6A370.66 370.66 0 0 1 130.6 204.11l60.6-49.6a23.94 23.94 0 0 0 6.9-28l-48-112A24.16 24.16 0 0 0 122.6.61l-104 24A24 24 0 0 0 0 48c0 256.5 207.9 464 464 464a24 24 0 0 0 23.4-18.6l24-104a24.29 24.29 0 0 0-14.01-27.6z\"><\/path><\/svg>\t\t\t<\/div>\n\t\t<\/div>\n\t\t\t\t\t\t<\/div>\n\t\t\t\t<\/div>\n\t\t\t\t<div class=\"elementor-element elementor-element-39633fee elementor-widget elementor-widget-text-editor\" data-id=\"39633fee\" data-element_type=\"widget\" data-e-type=\"widget\" data-widget_type=\"text-editor.default\">\n\t\t\t\t\t\t\t\t\t<p>+1 (514) 123-4567<\/p>\t\t\t\t\t\t\t\t<\/div>\n\t\t\t\t<\/div>\n\t\t<div class=\"elementor-element elementor-element-16d836d8 e-con-full e-flex e-con e-child\" data-id=\"16d836d8\" data-element_type=\"container\" data-e-type=\"container\">\n\t\t<div class=\"elementor-element elementor-element-40ce2d66 e-con-full e-flex e-con e-child\" data-id=\"40ce2d66\" data-element_type=\"container\" data-e-type=\"container\">\n\t\t\t\t<div class=\"elementor-element elementor-element-1b2b59a3 elementor-view-default elementor-widget elementor-widget-icon\" data-id=\"1b2b59a3\" data-element_type=\"widget\" data-e-type=\"widget\" data-widget_type=\"icon.default\">\n\t\t\t\t\t\t\t<div class=\"elementor-icon-wrapper\">\n\t\t\t<div class=\"elementor-icon\">\n\t\t\t<svg aria-hidden=\"true\" class=\"e-font-icon-svg e-fas-envelope\" viewBox=\"0 0 512 512\" xmlns=\"http:\/\/www.w3.org\/2000\/svg\"><path d=\"M502.3 190.8c3.9-3.1 9.7-.2 9.7 4.7V400c0 26.5-21.5 48-48 48H48c-26.5 0-48-21.5-48-48V195.6c0-5 5.7-7.8 9.7-4.7 22.4 17.4 52.1 39.5 154.1 113.6 21.1 15.4 56.7 47.8 92.2 47.6 35.7.3 72-32.8 92.3-47.6 102-74.1 131.6-96.3 154-113.7zM256 320c23.2.4 56.6-29.2 73.4-41.4 132.7-96.3 142.8-104.7 173.4-128.7 5.8-4.5 9.2-11.5 9.2-18.9v-19c0-26.5-21.5-48-48-48H48C21.5 64 0 85.5 0 112v19c0 7.4 3.4 14.3 9.2 18.9 30.6 23.9 40.7 32.4 173.4 128.7 16.8 12.2 50.2 41.8 73.4 41.4z\"><\/path><\/svg>\t\t\t<\/div>\n\t\t<\/div>\n\t\t\t\t\t\t<\/div>\n\t\t\t\t<\/div>\n\t\t\t\t<div class=\"elementor-element elementor-element-3743249b elementor-widget elementor-widget-text-editor\" data-id=\"3743249b\" data-element_type=\"widget\" data-e-type=\"widget\" data-widget_type=\"text-editor.default\">\n\t\t\t\t\t\t\t\t\t<p>contact@mokafad.ca<\/p>\t\t\t\t\t\t\t\t<\/div>\n\t\t\t\t<\/div>\n\t\t\t\t<\/div>\n\t\t<div class=\"elementor-element elementor-element-63c7a4ec e-con-full e-flex e-con e-child\" data-id=\"63c7a4ec\" data-element_type=\"container\" data-e-type=\"container\">\n\t\t<div class=\"elementor-element elementor-element-2f46d421 e-con-full e-flex e-con e-child\" data-id=\"2f46d421\" data-element_type=\"container\" data-e-type=\"container\">\n\t\t\t\t<div class=\"elementor-element elementor-element-57bb0aaf elementor-widget__width-inherit elementor-widget elementor-widget-text-editor\" data-id=\"57bb0aaf\" data-element_type=\"widget\" data-e-type=\"widget\" data-widget_type=\"text-editor.default\">\n\t\t\t\t\t\t\t\t\t<p>\u00a9 2024 Mokafad. Tous droits r\u00e9serv\u00e9s.<\/p>\t\t\t\t\t\t\t\t<\/div>\n\t\t\t\t<\/div>\n\t\t<div class=\"elementor-element elementor-element-133be1c9 e-con-full e-flex e-con e-child\" data-id=\"133be1c9\" data-element_type=\"container\" data-e-type=\"container\">\n\t\t\t\t<div class=\"elementor-element elementor-element-176fb4a2 elementor-widget__width-initial elementor-widget elementor-widget-text-editor\" data-id=\"176fb4a2\" data-element_type=\"widget\" data-e-type=\"widget\" data-widget_type=\"text-editor.default\">\n\t\t\t\t\t\t\t\t\t<p>Politique de confidentialit\u00e9<\/p>\t\t\t\t\t\t\t\t<\/div>\n\t\t\t\t<div class=\"elementor-element elementor-element-3d8bebfe elementor-widget__width-initial elementor-widget elementor-widget-text-editor\" data-id=\"3d8bebfe\" data-element_type=\"widget\" data-e-type=\"widget\" data-widget_type=\"text-editor.default\">\n\t\t\t\t\t\t\t\t\t<p>Conditions d&rsquo;utilisation<\/p>\t\t\t\t\t\t\t\t<\/div>\n\t\t\t\t<\/div>\n\t\t\t\t<\/div>\n\t\t\t\t<\/div>\n\t\t\t\t<\/div>\n\t\t\t\t\t<\/div>\n\t\t\t\t<\/div>\n\t\t\t\t<\/div>\n\t\t","protected":false},"excerpt":{"rendered":"<p>Int\u00e9gration de l\u2019IA en entreprise Une formation orient\u00e9e r\u00e9sultats pour structurer l\u2019adoption de l\u2019intelligence artificielle, optimiser les processus internes et soutenir la performance organisationnelle. S&rsquo;inscrire Pourquoi cette formation ? Cette formation a \u00e9t\u00e9 con\u00e7ue pour permettre aux organisations de comprendre l\u2019IA au-del\u00e0 des effets de mode, d\u2019en \u00e9valuer la r\u00e9elle valeur et de structurer des [&hellip;]<\/p>\n","protected":false},"author":1,"featured_media":0,"parent":48,"menu_order":0,"comment_status":"closed","ping_status":"closed","template":"elementor_header_footer","meta":{"footnotes":""},"class_list":["post-70","page","type-page","status-publish","hentry","entry"],"_links":{"self":[{"href":"https:\/\/mokafad.ca\/index.php\/wp-json\/wp\/v2\/pages\/70","targetHints":{"allow":["GET"]}}],"collection":[{"href":"https:\/\/mokafad.ca\/index.php\/wp-json\/wp\/v2\/pages"}],"about":[{"href":"https:\/\/mokafad.ca\/index.php\/wp-json\/wp\/v2\/types\/page"}],"author":[{"embeddable":true,"href":"https:\/\/mokafad.ca\/index.php\/wp-json\/wp\/v2\/users\/1"}],"replies":[{"embeddable":true,"href":"https:\/\/mokafad.ca\/index.php\/wp-json\/wp\/v2\/comments?post=70"}],"version-history":[{"count":107,"href":"https:\/\/mokafad.ca\/index.php\/wp-json\/wp\/v2\/pages\/70\/revisions"}],"predecessor-version":[{"id":2577,"href":"https:\/\/mokafad.ca\/index.php\/wp-json\/wp\/v2\/pages\/70\/revisions\/2577"}],"up":[{"embeddable":true,"href":"https:\/\/mokafad.ca\/index.php\/wp-json\/wp\/v2\/pages\/48"}],"wp:attachment":[{"href":"https:\/\/mokafad.ca\/index.php\/wp-json\/wp\/v2\/media?parent=70"}],"curies":[{"name":"wp","href":"https:\/\/api.w.org\/{rel}","templated":true}]}}